{"id":3051,"date":"2024-07-13T07:53:11","date_gmt":"2024-07-13T07:53:11","guid":{"rendered":"https:\/\/macstylerdz.com\/?post_type=product&#038;p=3051"},"modified":"2026-02-21T11:42:04","modified_gmt":"2026-02-21T11:42:04","slug":"mc-11","status":"publish","type":"product","link":"https:\/\/macstylerdz.com\/?product=mc-11","title":{"rendered":"Brosse Lissante Electrique"},"content":{"rendered":"<p>Facile a utiliser \u2013 l\u2019innovente\u00a0<b>brosse MAC<\/b>\u00a0permet un lissage intutif , sans partager les cheveux en groupes et sans clips . Plus s\u00fbre pour vos cheveux \u2013 Mac a \u00e9t\u00e9 developp\u00e9e sp\u00e9cialement pour la temp\u00e9rature optimal d\u2019environ 185 C\u00b0 (365\u00b0F) , et elle reste fixe pendant presque toute la coiffure , vous permettant ainsi de garder une chevelure lisse et en bonne sant\u00e9 .<\/p>\n<ul>\n<li>R\u00e9chauffeur PTC avec chaleur rapide et r\u00e9cup\u00e9ration de chaleur ultra rapide, chaleur de 30 \u00e0 90 secondes, pr\u00e9cision thermostatique de 80 \u00e0 230 degr\u00e9s Celsius<\/li>\n<li>Il produit de l&rsquo;anion lors du travail, ce qui \u00e9limine l&rsquo;\u00e9lectricit\u00e9 statique des cheveux, les anions peuvent \u00e9galement se combiner avec l&rsquo;air pour g\u00e9n\u00e9rer de l&rsquo;humidit\u00e9, aider \u00e0 nourrir vos cheveux, fourche s\u00e8che anti-frisottis. \u00e7a ne fait jamais de mal<\/li>\n<li>Lorsque la temp\u00e9rature du panneau atteint 80-230 degr\u00e9s Celsius, la temp\u00e9rature maximale du peigne n&rsquo;est que de 50-58 degr\u00e9s Celsius, ce qui ne br\u00fblera pas votre peau et peut vous aider \u00e0 masser votre t\u00eate et \u00e0 vous d\u00e9tendre.<\/li>\n<li>Les mains et le cuir chevelu ne seront pas br\u00fbl\u00e9s, s\u00fbrs et de haute qualit\u00e9, un meilleur lissage des cheveux, ajustent l&rsquo;\u00e9quilibre de l&rsquo;huile des cheveux,<\/li>\n<li>couleur : blanc<\/li>\n<\/ul>\n","protected":false},"excerpt":{"rendered":"<p>Mod\u00e8le : MC-11<\/p>\n<p>1- Facile \u00e0 Utiliser : La brosse MAC permet un lissage intuitif sans besoin de diviser les cheveux en sections ni d&rsquo;utiliser des clips.<br \/>\n2- Temp\u00e9rature Optimale : Maintient une temp\u00e9rature constante d&rsquo;environ 185\u00b0C (365\u00b0F) pour un lissage s\u00fbr et efficace tout en prot\u00e9geant la sant\u00e9 des cheveux.<br \/>\n3- R\u00e9chauffeur PTC : Chauffe rapidement en 30 \u00e0 90 secondes avec une pr\u00e9cision thermostatique de 80 \u00e0 230\u00b0C, assurant une chaleur uniforme.<br \/>\n4- Fonction Anion : \u00c9limine l&rsquo;\u00e9lectricit\u00e9 statique et ajoute de l&rsquo;humidit\u00e9 aux cheveux pour r\u00e9duire les frisottis, tout en prot\u00e9geant la peau avec une temp\u00e9rature de 50-58\u00b0C sur le peigne.<\/p>\n","protected":false},"featured_media":3052,"comment_status":"open","ping_status":"closed","template":"","meta":[],"product_brand":[446],"product_cat":[32],"product_tag":[],"class_list":{"0":"post-3051","1":"product","2":"type-product","3":"status-publish","4":"has-post-thumbnail","6":"product_brand-mac-styler-boutique-enligne-acheter","7":"product_cat-brosses-electriques-lissantes-soufflantes","9":"first","10":"instock","11":"taxable","12":"shipping-taxable","13":"purchasable","14":"product-type-simple"},"yoast_head":"<!-- This site is optimized with the Yoast SEO plugin v27.5 - https:\/\/yoast.com\/product\/yoast-seo-wordpress\/ -->\n<title>Brosse Lissante Electrique - MAC STYLER DZ<\/title>\n<meta name=\"robots\" content=\"index, follow, max-snippet:-1, max-image-preview:large, max-video-preview:-1\" \/>\n<link rel=\"canonical\" href=\"https:\/\/macstylerdz.com\/?product=mc-11\" \/>\n<meta property=\"og:locale\" content=\"fr_FR\" \/>\n<meta property=\"og:type\" content=\"article\" \/>\n<meta property=\"og:title\" content=\"Brosse Lissante Electrique - MAC STYLER DZ\" \/>\n<meta property=\"og:description\" content=\"Mod\u00e8le : MC-11  1- Facile \u00e0 Utiliser : La brosse MAC permet un lissage intuitif sans besoin de diviser les cheveux en sections ni d&#039;utiliser des clips. 2- Temp\u00e9rature Optimale : Maintient une temp\u00e9rature constante d&#039;environ 185\u00b0C (365\u00b0F) pour un lissage s\u00fbr et efficace tout en prot\u00e9geant la sant\u00e9 des cheveux. 3- R\u00e9chauffeur PTC : Chauffe rapidement en 30 \u00e0 90 secondes avec une pr\u00e9cision thermostatique de 80 \u00e0 230\u00b0C, assurant une chaleur uniforme. 4- Fonction Anion : \u00c9limine l&#039;\u00e9lectricit\u00e9 statique et ajoute de l&#039;humidit\u00e9 aux cheveux pour r\u00e9duire les frisottis, tout en prot\u00e9geant la peau avec une temp\u00e9rature de 50-58\u00b0C sur le peigne.\" \/>\n<meta property=\"og:url\" content=\"https:\/\/macstylerdz.com\/?product=mc-11\" \/>\n<meta property=\"og:site_name\" content=\"MAC STYLER DZ\" \/>\n<meta property=\"article:publisher\" content=\"https:\/\/www.facebook.com\/lisseur\/\" \/>\n<meta property=\"article:modified_time\" content=\"2026-02-21T11:42:04+00:00\" \/>\n<meta property=\"og:image\" content=\"https:\/\/macstylerdz.com\/wp-content\/uploads\/2024\/07\/imgdownloader.com-20240713154915485175.webp\" \/>\n\t<meta property=\"og:image:width\" content=\"2000\" \/>\n\t<meta property=\"og:image:height\" content=\"2000\" \/>\n\t<meta property=\"og:image:type\" content=\"image\/webp\" \/>\n<meta name=\"twitter:card\" content=\"summary_large_image\" \/>\n<meta name=\"twitter:label1\" content=\"Dur\u00e9e de lecture estim\u00e9e\" \/>\n\t<meta name=\"twitter:data1\" content=\"1 minute\" \/>\n<script type=\"application\/ld+json\" class=\"yoast-schema-graph\">{\"@context\":\"https:\\\/\\\/schema.org\",\"@graph\":[{\"@type\":\"WebPage\",\"@id\":\"https:\\\/\\\/macstylerdz.com\\\/?product=mc-11\",\"url\":\"https:\\\/\\\/macstylerdz.com\\\/?product=mc-11\",\"name\":\"Brosse Lissante Electrique - MAC STYLER DZ\",\"isPartOf\":{\"@id\":\"https:\\\/\\\/macstylerdz.com\\\/#website\"},\"primaryImageOfPage\":{\"@id\":\"https:\\\/\\\/macstylerdz.com\\\/?product=mc-11#primaryimage\"},\"image\":{\"@id\":\"https:\\\/\\\/macstylerdz.com\\\/?product=mc-11#primaryimage\"},\"thumbnailUrl\":\"https:\\\/\\\/macstylerdz.com\\\/wp-content\\\/uploads\\\/2024\\\/07\\\/imgdownloader.com-20240713154915485175.webp\",\"datePublished\":\"2024-07-13T07:53:11+00:00\",\"dateModified\":\"2026-02-21T11:42:04+00:00\",\"breadcrumb\":{\"@id\":\"https:\\\/\\\/macstylerdz.com\\\/?product=mc-11#breadcrumb\"},\"inLanguage\":\"fr-FR\",\"potentialAction\":[{\"@type\":\"ReadAction\",\"target\":[\"https:\\\/\\\/macstylerdz.com\\\/?product=mc-11\"]}]},{\"@type\":\"ImageObject\",\"inLanguage\":\"fr-FR\",\"@id\":\"https:\\\/\\\/macstylerdz.com\\\/?product=mc-11#primaryimage\",\"url\":\"https:\\\/\\\/macstylerdz.com\\\/wp-content\\\/uploads\\\/2024\\\/07\\\/imgdownloader.com-20240713154915485175.webp\",\"contentUrl\":\"https:\\\/\\\/macstylerdz.com\\\/wp-content\\\/uploads\\\/2024\\\/07\\\/imgdownloader.com-20240713154915485175.webp\",\"width\":2000,\"height\":2000},{\"@type\":\"BreadcrumbList\",\"@id\":\"https:\\\/\\\/macstylerdz.com\\\/?product=mc-11#breadcrumb\",\"itemListElement\":[{\"@type\":\"ListItem\",\"position\":1,\"name\":\"Home\",\"item\":\"https:\\\/\\\/macstylerdz.com\\\/\"},{\"@type\":\"ListItem\",\"position\":2,\"name\":\"Products\",\"item\":\"https:\\\/\\\/macstylerdz.com\\\/products\\\/\"},{\"@type\":\"ListItem\",\"position\":3,\"name\":\"Brosse Lissante Electrique\"}]},{\"@type\":\"WebSite\",\"@id\":\"https:\\\/\\\/macstylerdz.com\\\/#website\",\"url\":\"https:\\\/\\\/macstylerdz.com\\\/\",\"name\":\"MAC STYLER DZ\",\"description\":\"Achetez les appareils et les outils de coiffure de la marque Mac Styler sur le site officiel en Alg\u00e9rie.\",\"publisher\":{\"@id\":\"https:\\\/\\\/macstylerdz.com\\\/#organization\"},\"alternateName\":\"macstyler\",\"potentialAction\":[{\"@type\":\"SearchAction\",\"target\":{\"@type\":\"EntryPoint\",\"urlTemplate\":\"https:\\\/\\\/macstylerdz.com\\\/?s={search_term_string}\"},\"query-input\":{\"@type\":\"PropertyValueSpecification\",\"valueRequired\":true,\"valueName\":\"search_term_string\"}}],\"inLanguage\":\"fr-FR\"},{\"@type\":\"Organization\",\"@id\":\"https:\\\/\\\/macstylerdz.com\\\/#organization\",\"name\":\"MAC STYLER DZ\",\"alternateName\":\"MAC STYLER ALGERIE\",\"url\":\"https:\\\/\\\/macstylerdz.com\\\/\",\"logo\":{\"@type\":\"ImageObject\",\"inLanguage\":\"fr-FR\",\"@id\":\"https:\\\/\\\/macstylerdz.com\\\/#\\\/schema\\\/logo\\\/image\\\/\",\"url\":\"https:\\\/\\\/macstylerdz.com\\\/wp-content\\\/uploads\\\/2024\\\/08\\\/MAC-STYLER-C.jpg\",\"contentUrl\":\"https:\\\/\\\/macstylerdz.com\\\/wp-content\\\/uploads\\\/2024\\\/08\\\/MAC-STYLER-C.jpg\",\"width\":500,\"height\":500,\"caption\":\"MAC STYLER DZ\"},\"image\":{\"@id\":\"https:\\\/\\\/macstylerdz.com\\\/#\\\/schema\\\/logo\\\/image\\\/\"},\"sameAs\":[\"https:\\\/\\\/www.facebook.com\\\/lisseur\\\/\",\"https:\\\/\\\/www.instagram.com\\\/dzmacshop\\\/\",\"https:\\\/\\\/www.tiktok.com\\\/@mac..styler\"]}]}<\/script>\n<!-- \/ Yoast SEO plugin. -->","yoast_head_json":{"title":"Brosse Lissante Electrique - MAC STYLER DZ","robots":{"index":"index","follow":"follow","max-snippet":"max-snippet:-1","max-image-preview":"max-image-preview:large","max-video-preview":"max-video-preview:-1"},"canonical":"https:\/\/macstylerdz.com\/?product=mc-11","og_locale":"fr_FR","og_type":"article","og_title":"Brosse Lissante Electrique - MAC STYLER DZ","og_description":"Mod\u00e8le : MC-11  1- Facile \u00e0 Utiliser : La brosse MAC permet un lissage intuitif sans besoin de diviser les cheveux en sections ni d'utiliser des clips. 2- Temp\u00e9rature Optimale : Maintient une temp\u00e9rature constante d'environ 185\u00b0C (365\u00b0F) pour un lissage s\u00fbr et efficace tout en prot\u00e9geant la sant\u00e9 des cheveux. 3- R\u00e9chauffeur PTC : Chauffe rapidement en 30 \u00e0 90 secondes avec une pr\u00e9cision thermostatique de 80 \u00e0 230\u00b0C, assurant une chaleur uniforme. 4- Fonction Anion : \u00c9limine l'\u00e9lectricit\u00e9 statique et ajoute de l'humidit\u00e9 aux cheveux pour r\u00e9duire les frisottis, tout en prot\u00e9geant la peau avec une temp\u00e9rature de 50-58\u00b0C sur le peigne.","og_url":"https:\/\/macstylerdz.com\/?product=mc-11","og_site_name":"MAC STYLER DZ","article_publisher":"https:\/\/www.facebook.com\/lisseur\/","article_modified_time":"2026-02-21T11:42:04+00:00","og_image":[{"width":2000,"height":2000,"url":"https:\/\/macstylerdz.com\/wp-content\/uploads\/2024\/07\/imgdownloader.com-20240713154915485175.webp","type":"image\/webp"}],"twitter_card":"summary_large_image","twitter_misc":{"Dur\u00e9e de lecture estim\u00e9e":"1 minute"},"schema":{"@context":"https:\/\/schema.org","@graph":[{"@type":"WebPage","@id":"https:\/\/macstylerdz.com\/?product=mc-11","url":"https:\/\/macstylerdz.com\/?product=mc-11","name":"Brosse Lissante Electrique - MAC STYLER DZ","isPartOf":{"@id":"https:\/\/macstylerdz.com\/#website"},"primaryImageOfPage":{"@id":"https:\/\/macstylerdz.com\/?product=mc-11#primaryimage"},"image":{"@id":"https:\/\/macstylerdz.com\/?product=mc-11#primaryimage"},"thumbnailUrl":"https:\/\/macstylerdz.com\/wp-content\/uploads\/2024\/07\/imgdownloader.com-20240713154915485175.webp","datePublished":"2024-07-13T07:53:11+00:00","dateModified":"2026-02-21T11:42:04+00:00","breadcrumb":{"@id":"https:\/\/macstylerdz.com\/?product=mc-11#breadcrumb"},"inLanguage":"fr-FR","potentialAction":[{"@type":"ReadAction","target":["https:\/\/macstylerdz.com\/?product=mc-11"]}]},{"@type":"ImageObject","inLanguage":"fr-FR","@id":"https:\/\/macstylerdz.com\/?product=mc-11#primaryimage","url":"https:\/\/macstylerdz.com\/wp-content\/uploads\/2024\/07\/imgdownloader.com-20240713154915485175.webp","contentUrl":"https:\/\/macstylerdz.com\/wp-content\/uploads\/2024\/07\/imgdownloader.com-20240713154915485175.webp","width":2000,"height":2000},{"@type":"BreadcrumbList","@id":"https:\/\/macstylerdz.com\/?product=mc-11#breadcrumb","itemListElement":[{"@type":"ListItem","position":1,"name":"Home","item":"https:\/\/macstylerdz.com\/"},{"@type":"ListItem","position":2,"name":"Products","item":"https:\/\/macstylerdz.com\/products\/"},{"@type":"ListItem","position":3,"name":"Brosse Lissante Electrique"}]},{"@type":"WebSite","@id":"https:\/\/macstylerdz.com\/#website","url":"https:\/\/macstylerdz.com\/","name":"MAC STYLER DZ","description":"Achetez les appareils et les outils de coiffure de la marque Mac Styler sur le site officiel en Alg\u00e9rie.","publisher":{"@id":"https:\/\/macstylerdz.com\/#organization"},"alternateName":"macstyler","potentialAction":[{"@type":"SearchAction","target":{"@type":"EntryPoint","urlTemplate":"https:\/\/macstylerdz.com\/?s={search_term_string}"},"query-input":{"@type":"PropertyValueSpecification","valueRequired":true,"valueName":"search_term_string"}}],"inLanguage":"fr-FR"},{"@type":"Organization","@id":"https:\/\/macstylerdz.com\/#organization","name":"MAC STYLER DZ","alternateName":"MAC STYLER ALGERIE","url":"https:\/\/macstylerdz.com\/","logo":{"@type":"ImageObject","inLanguage":"fr-FR","@id":"https:\/\/macstylerdz.com\/#\/schema\/logo\/image\/","url":"https:\/\/macstylerdz.com\/wp-content\/uploads\/2024\/08\/MAC-STYLER-C.jpg","contentUrl":"https:\/\/macstylerdz.com\/wp-content\/uploads\/2024\/08\/MAC-STYLER-C.jpg","width":500,"height":500,"caption":"MAC STYLER DZ"},"image":{"@id":"https:\/\/macstylerdz.com\/#\/schema\/logo\/image\/"},"sameAs":["https:\/\/www.facebook.com\/lisseur\/","https:\/\/www.instagram.com\/dzmacshop\/","https:\/\/www.tiktok.com\/@mac..styler"]}]}},"jetpack_sharing_enabled":true,"_links":{"self":[{"href":"https:\/\/macstylerdz.com\/index.php?rest_route=\/wp\/v2\/product\/3051","targetHints":{"allow":["GET"]}}],"collection":[{"href":"https:\/\/macstylerdz.com\/index.php?rest_route=\/wp\/v2\/product"}],"about":[{"href":"https:\/\/macstylerdz.com\/index.php?rest_route=\/wp\/v2\/types\/product"}],"replies":[{"embeddable":true,"href":"https:\/\/macstylerdz.com\/index.php?rest_route=%2Fwp%2Fv2%2Fcomments&post=3051"}],"wp:featuredmedia":[{"embeddable":true,"href":"https:\/\/macstylerdz.com\/index.php?rest_route=\/wp\/v2\/media\/3052"}],"wp:attachment":[{"href":"https:\/\/macstylerdz.com\/index.php?rest_route=%2Fwp%2Fv2%2Fmedia&parent=3051"}],"wp:term":[{"taxonomy":"product_brand","embeddable":true,"href":"https:\/\/macstylerdz.com\/index.php?rest_route=%2Fwp%2Fv2%2Fproduct_brand&post=3051"},{"taxonomy":"product_cat","embeddable":true,"href":"https:\/\/macstylerdz.com\/index.php?rest_route=%2Fwp%2Fv2%2Fproduct_cat&post=3051"},{"taxonomy":"product_tag","embeddable":true,"href":"https:\/\/macstylerdz.com\/index.php?rest_route=%2Fwp%2Fv2%2Fproduct_tag&post=3051"}],"curies":[{"name":"wp","href":"https:\/\/api.w.org\/{rel}","templated":true}]}}