{"id":3013,"date":"2024-07-11T10:13:24","date_gmt":"2024-07-11T10:13:24","guid":{"rendered":"https:\/\/macstylerdz.com\/?post_type=product&#038;p=3013"},"modified":"2026-02-20T16:08:15","modified_gmt":"2026-02-20T16:08:15","slug":"epilateurs-mc-7722","status":"publish","type":"product","link":"https:\/\/macstylerdz.com\/?product=epilateurs-mc-7722","title":{"rendered":"Epilateur \/ Rasoir et Rouleau Exfoliant 3 en 1"},"content":{"rendered":"<ul>\n<li><strong>Contr\u00f4le pr\u00e9cis dans toutes les directions<\/strong> : Gr\u00e2ce \u00e0 sa technologie de pointe, l\u2019\u00e9pilateur permet un contr\u00f4le pr\u00e9cis dans toutes les directions, garantissant une \u00e9pilation uniforme et sans douleur. Vous pouvez ainsi atteindre m\u00eame les zones les plus d\u00e9licates avec facilit\u00e9.<\/li>\n<li><strong>\u00c9limination des peaux mortes et des peaux rugueuses<\/strong> : Dot\u00e9 de fonctions sp\u00e9cialis\u00e9es pour l&rsquo;exfoliation, cet appareil \u00e9limine rapidement et facilement les peaux mortes et les peaux rugueuses. Vous obtiendrez une peau lisse et douce, r\u00e9duisant les irr\u00e9gularit\u00e9s et am\u00e9liorant l&rsquo;apparence g\u00e9n\u00e9rale de votre peau.<\/li>\n<li><strong>Nettoyage efficace des pores<\/strong> : L\u2019\u00e9pilateur est con\u00e7u pour nettoyer en profondeur les pores, \u00e9liminant les points noirs, l\u2019acn\u00e9, et autres impuret\u00e9s. Cette fonction aide \u00e0 maintenir une peau propre et saine, favorisant une apparence fra\u00eeche et radieuse.<\/li>\n<li><strong>Fonctionnement facile<\/strong> : Con\u00e7u pour \u00eatre simple \u00e0 utiliser, cet \u00e9pilateur offre une interface intuitive qui facilite son utilisation m\u00eame pour les d\u00e9butantes. Vous pouvez l&rsquo;utiliser sans effort pour des r\u00e9sultats professionnels \u00e0 domicile.<\/li>\n<li><strong>Petit et facile \u00e0 transporter<\/strong> : Sa taille compacte et son design ergonomique le rendent facile \u00e0 transporter, id\u00e9al pour les voyages ou pour une utilisation en d\u00e9placement. Vous pouvez l&#8217;emporter partout avec vous pour un soin impeccable \u00e0 tout moment.<\/li>\n<\/ul>\n","protected":false},"excerpt":{"rendered":"<p>Mod\u00e8le : MC-7722<\/p>\n<p>1- \u00c9pilateur f\u00e9minin 3 en 1 MC-7722 de MAC STYLER : contr\u00f4le pr\u00e9cis dans toutes les directions.<br \/>\n2- \u00c9limine rapidement et facilement les peaux mortes et rugueuses.<br \/>\n3- Nettoie efficacement les pores et \u00e9limine les points noirs et l&rsquo;acn\u00e9.<br \/>\n4- Facile \u00e0 utiliser, compact et facile \u00e0 transporter.<\/p>\n","protected":false},"featured_media":3020,"comment_status":"open","ping_status":"closed","template":"","meta":[],"product_brand":[],"product_cat":[35],"product_tag":[257],"class_list":{"0":"post-3013","1":"product","2":"type-product","3":"status-publish","4":"has-post-thumbnail","6":"product_cat-epilation-pour-femme-ipl-lazer-rasage","7":"product_tag-ipl-epilation-mac-styler-mc-7722","9":"first","10":"instock","11":"taxable","12":"shipping-taxable","13":"purchasable","14":"product-type-simple"},"yoast_head":"<!-- This site is optimized with the Yoast SEO plugin v27.5 - https:\/\/yoast.com\/product\/yoast-seo-wordpress\/ -->\n<title>Epilateur \/ Rasoir et Rouleau Exfoliant 3 en 1 - MAC STYLER DZ<\/title>\n<meta name=\"robots\" content=\"index, follow, max-snippet:-1, max-image-preview:large, max-video-preview:-1\" \/>\n<link rel=\"canonical\" href=\"https:\/\/macstylerdz.com\/produit\/epilateurs-mc-7722\/\" \/>\n<meta property=\"og:locale\" content=\"fr_FR\" \/>\n<meta property=\"og:type\" content=\"article\" \/>\n<meta property=\"og:title\" content=\"Epilateur \/ Rasoir et Rouleau Exfoliant 3 en 1 - MAC STYLER DZ\" \/>\n<meta property=\"og:description\" content=\"Mod\u00e8le : MC-7722  1- \u00c9pilateur f\u00e9minin 3 en 1 MC-7722 de MAC STYLER : contr\u00f4le pr\u00e9cis dans toutes les directions. 2- \u00c9limine rapidement et facilement les peaux mortes et rugueuses. 3- Nettoie efficacement les pores et \u00e9limine les points noirs et l&#039;acn\u00e9. 4- Facile \u00e0 utiliser, compact et facile \u00e0 transporter.\" \/>\n<meta property=\"og:url\" content=\"https:\/\/macstylerdz.com\/produit\/epilateurs-mc-7722\/\" \/>\n<meta property=\"og:site_name\" content=\"MAC STYLER DZ\" \/>\n<meta property=\"article:publisher\" content=\"https:\/\/www.facebook.com\/lisseur\/\" \/>\n<meta property=\"article:modified_time\" content=\"2026-02-20T16:08:15+00:00\" \/>\n<meta property=\"og:image\" content=\"https:\/\/macstylerdz.com\/wp-content\/uploads\/2024\/07\/7722-scaled.jpg\" \/>\n\t<meta property=\"og:image:width\" content=\"2560\" \/>\n\t<meta property=\"og:image:height\" content=\"2560\" \/>\n\t<meta property=\"og:image:type\" content=\"image\/jpeg\" \/>\n<meta name=\"twitter:card\" content=\"summary_large_image\" \/>\n<meta name=\"twitter:label1\" content=\"Dur\u00e9e de lecture estim\u00e9e\" \/>\n\t<meta name=\"twitter:data1\" content=\"1 minute\" \/>\n<script type=\"application\/ld+json\" class=\"yoast-schema-graph\">{\"@context\":\"https:\\\/\\\/schema.org\",\"@graph\":[{\"@type\":\"WebPage\",\"@id\":\"https:\\\/\\\/macstylerdz.com\\\/produit\\\/epilateurs-mc-7722\\\/\",\"url\":\"https:\\\/\\\/macstylerdz.com\\\/produit\\\/epilateurs-mc-7722\\\/\",\"name\":\"Epilateur \\\/ Rasoir et Rouleau Exfoliant 3 en 1 - MAC STYLER DZ\",\"isPartOf\":{\"@id\":\"https:\\\/\\\/macstylerdz.com\\\/#website\"},\"primaryImageOfPage\":{\"@id\":\"https:\\\/\\\/macstylerdz.com\\\/produit\\\/epilateurs-mc-7722\\\/#primaryimage\"},\"image\":{\"@id\":\"https:\\\/\\\/macstylerdz.com\\\/produit\\\/epilateurs-mc-7722\\\/#primaryimage\"},\"thumbnailUrl\":\"https:\\\/\\\/macstylerdz.com\\\/wp-content\\\/uploads\\\/2024\\\/07\\\/7722-scaled.jpg\",\"datePublished\":\"2024-07-11T10:13:24+00:00\",\"dateModified\":\"2026-02-20T16:08:15+00:00\",\"breadcrumb\":{\"@id\":\"https:\\\/\\\/macstylerdz.com\\\/produit\\\/epilateurs-mc-7722\\\/#breadcrumb\"},\"inLanguage\":\"fr-FR\",\"potentialAction\":[{\"@type\":\"ReadAction\",\"target\":[\"https:\\\/\\\/macstylerdz.com\\\/produit\\\/epilateurs-mc-7722\\\/\"]}]},{\"@type\":\"ImageObject\",\"inLanguage\":\"fr-FR\",\"@id\":\"https:\\\/\\\/macstylerdz.com\\\/produit\\\/epilateurs-mc-7722\\\/#primaryimage\",\"url\":\"https:\\\/\\\/macstylerdz.com\\\/wp-content\\\/uploads\\\/2024\\\/07\\\/7722-scaled.jpg\",\"contentUrl\":\"https:\\\/\\\/macstylerdz.com\\\/wp-content\\\/uploads\\\/2024\\\/07\\\/7722-scaled.jpg\",\"width\":2560,\"height\":2560},{\"@type\":\"BreadcrumbList\",\"@id\":\"https:\\\/\\\/macstylerdz.com\\\/produit\\\/epilateurs-mc-7722\\\/#breadcrumb\",\"itemListElement\":[{\"@type\":\"ListItem\",\"position\":1,\"name\":\"Home\",\"item\":\"https:\\\/\\\/macstylerdz.com\\\/\"},{\"@type\":\"ListItem\",\"position\":2,\"name\":\"SHOP\",\"item\":\"https:\\\/\\\/macstylerdz.com\\\/\"},{\"@type\":\"ListItem\",\"position\":3,\"name\":\"Epilateur \\\/ Rasoir et Rouleau Exfoliant 3 en 1\"}]},{\"@type\":\"WebSite\",\"@id\":\"https:\\\/\\\/macstylerdz.com\\\/#website\",\"url\":\"https:\\\/\\\/macstylerdz.com\\\/\",\"name\":\"MAC STYLER DZ\",\"description\":\"Achetez les appareils et les outils de coiffure de la marque Mac Styler sur le site officiel en Alg\u00e9rie.\",\"publisher\":{\"@id\":\"https:\\\/\\\/macstylerdz.com\\\/#organization\"},\"alternateName\":\"macstyler\",\"potentialAction\":[{\"@type\":\"SearchAction\",\"target\":{\"@type\":\"EntryPoint\",\"urlTemplate\":\"https:\\\/\\\/macstylerdz.com\\\/?s={search_term_string}\"},\"query-input\":{\"@type\":\"PropertyValueSpecification\",\"valueRequired\":true,\"valueName\":\"search_term_string\"}}],\"inLanguage\":\"fr-FR\"},{\"@type\":\"Organization\",\"@id\":\"https:\\\/\\\/macstylerdz.com\\\/#organization\",\"name\":\"MAC STYLER DZ\",\"alternateName\":\"MAC STYLER ALGERIE\",\"url\":\"https:\\\/\\\/macstylerdz.com\\\/\",\"logo\":{\"@type\":\"ImageObject\",\"inLanguage\":\"fr-FR\",\"@id\":\"https:\\\/\\\/macstylerdz.com\\\/#\\\/schema\\\/logo\\\/image\\\/\",\"url\":\"https:\\\/\\\/macstylerdz.com\\\/wp-content\\\/uploads\\\/2024\\\/08\\\/MAC-STYLER-C.jpg\",\"contentUrl\":\"https:\\\/\\\/macstylerdz.com\\\/wp-content\\\/uploads\\\/2024\\\/08\\\/MAC-STYLER-C.jpg\",\"width\":500,\"height\":500,\"caption\":\"MAC STYLER DZ\"},\"image\":{\"@id\":\"https:\\\/\\\/macstylerdz.com\\\/#\\\/schema\\\/logo\\\/image\\\/\"},\"sameAs\":[\"https:\\\/\\\/www.facebook.com\\\/lisseur\\\/\",\"https:\\\/\\\/www.instagram.com\\\/dzmacshop\\\/\",\"https:\\\/\\\/www.tiktok.com\\\/@mac..styler\"]}]}<\/script>\n<!-- \/ Yoast SEO plugin. -->","yoast_head_json":{"title":"Epilateur \/ Rasoir et Rouleau Exfoliant 3 en 1 - MAC STYLER DZ","robots":{"index":"index","follow":"follow","max-snippet":"max-snippet:-1","max-image-preview":"max-image-preview:large","max-video-preview":"max-video-preview:-1"},"canonical":"https:\/\/macstylerdz.com\/produit\/epilateurs-mc-7722\/","og_locale":"fr_FR","og_type":"article","og_title":"Epilateur \/ Rasoir et Rouleau Exfoliant 3 en 1 - MAC STYLER DZ","og_description":"Mod\u00e8le : MC-7722  1- \u00c9pilateur f\u00e9minin 3 en 1 MC-7722 de MAC STYLER : contr\u00f4le pr\u00e9cis dans toutes les directions. 2- \u00c9limine rapidement et facilement les peaux mortes et rugueuses. 3- Nettoie efficacement les pores et \u00e9limine les points noirs et l'acn\u00e9. 4- Facile \u00e0 utiliser, compact et facile \u00e0 transporter.","og_url":"https:\/\/macstylerdz.com\/produit\/epilateurs-mc-7722\/","og_site_name":"MAC STYLER DZ","article_publisher":"https:\/\/www.facebook.com\/lisseur\/","article_modified_time":"2026-02-20T16:08:15+00:00","og_image":[{"width":2560,"height":2560,"url":"https:\/\/macstylerdz.com\/wp-content\/uploads\/2024\/07\/7722-scaled.jpg","type":"image\/jpeg"}],"twitter_card":"summary_large_image","twitter_misc":{"Dur\u00e9e de lecture estim\u00e9e":"1 minute"},"schema":{"@context":"https:\/\/schema.org","@graph":[{"@type":"WebPage","@id":"https:\/\/macstylerdz.com\/produit\/epilateurs-mc-7722\/","url":"https:\/\/macstylerdz.com\/produit\/epilateurs-mc-7722\/","name":"Epilateur \/ Rasoir et Rouleau Exfoliant 3 en 1 - MAC STYLER DZ","isPartOf":{"@id":"https:\/\/macstylerdz.com\/#website"},"primaryImageOfPage":{"@id":"https:\/\/macstylerdz.com\/produit\/epilateurs-mc-7722\/#primaryimage"},"image":{"@id":"https:\/\/macstylerdz.com\/produit\/epilateurs-mc-7722\/#primaryimage"},"thumbnailUrl":"https:\/\/macstylerdz.com\/wp-content\/uploads\/2024\/07\/7722-scaled.jpg","datePublished":"2024-07-11T10:13:24+00:00","dateModified":"2026-02-20T16:08:15+00:00","breadcrumb":{"@id":"https:\/\/macstylerdz.com\/produit\/epilateurs-mc-7722\/#breadcrumb"},"inLanguage":"fr-FR","potentialAction":[{"@type":"ReadAction","target":["https:\/\/macstylerdz.com\/produit\/epilateurs-mc-7722\/"]}]},{"@type":"ImageObject","inLanguage":"fr-FR","@id":"https:\/\/macstylerdz.com\/produit\/epilateurs-mc-7722\/#primaryimage","url":"https:\/\/macstylerdz.com\/wp-content\/uploads\/2024\/07\/7722-scaled.jpg","contentUrl":"https:\/\/macstylerdz.com\/wp-content\/uploads\/2024\/07\/7722-scaled.jpg","width":2560,"height":2560},{"@type":"BreadcrumbList","@id":"https:\/\/macstylerdz.com\/produit\/epilateurs-mc-7722\/#breadcrumb","itemListElement":[{"@type":"ListItem","position":1,"name":"Home","item":"https:\/\/macstylerdz.com\/"},{"@type":"ListItem","position":2,"name":"SHOP","item":"https:\/\/macstylerdz.com\/"},{"@type":"ListItem","position":3,"name":"Epilateur \/ Rasoir et Rouleau Exfoliant 3 en 1"}]},{"@type":"WebSite","@id":"https:\/\/macstylerdz.com\/#website","url":"https:\/\/macstylerdz.com\/","name":"MAC STYLER DZ","description":"Achetez les appareils et les outils de coiffure de la marque Mac Styler sur le site officiel en Alg\u00e9rie.","publisher":{"@id":"https:\/\/macstylerdz.com\/#organization"},"alternateName":"macstyler","potentialAction":[{"@type":"SearchAction","target":{"@type":"EntryPoint","urlTemplate":"https:\/\/macstylerdz.com\/?s={search_term_string}"},"query-input":{"@type":"PropertyValueSpecification","valueRequired":true,"valueName":"search_term_string"}}],"inLanguage":"fr-FR"},{"@type":"Organization","@id":"https:\/\/macstylerdz.com\/#organization","name":"MAC STYLER DZ","alternateName":"MAC STYLER ALGERIE","url":"https:\/\/macstylerdz.com\/","logo":{"@type":"ImageObject","inLanguage":"fr-FR","@id":"https:\/\/macstylerdz.com\/#\/schema\/logo\/image\/","url":"https:\/\/macstylerdz.com\/wp-content\/uploads\/2024\/08\/MAC-STYLER-C.jpg","contentUrl":"https:\/\/macstylerdz.com\/wp-content\/uploads\/2024\/08\/MAC-STYLER-C.jpg","width":500,"height":500,"caption":"MAC STYLER DZ"},"image":{"@id":"https:\/\/macstylerdz.com\/#\/schema\/logo\/image\/"},"sameAs":["https:\/\/www.facebook.com\/lisseur\/","https:\/\/www.instagram.com\/dzmacshop\/","https:\/\/www.tiktok.com\/@mac..styler"]}]}},"_links":{"self":[{"href":"https:\/\/macstylerdz.com\/index.php?rest_route=\/wp\/v2\/product\/3013","targetHints":{"allow":["GET"]}}],"collection":[{"href":"https:\/\/macstylerdz.com\/index.php?rest_route=\/wp\/v2\/product"}],"about":[{"href":"https:\/\/macstylerdz.com\/index.php?rest_route=\/wp\/v2\/types\/product"}],"replies":[{"embeddable":true,"href":"https:\/\/macstylerdz.com\/index.php?rest_route=%2Fwp%2Fv2%2Fcomments&post=3013"}],"wp:featuredmedia":[{"embeddable":true,"href":"https:\/\/macstylerdz.com\/index.php?rest_route=\/wp\/v2\/media\/3020"}],"wp:attachment":[{"href":"https:\/\/macstylerdz.com\/index.php?rest_route=%2Fwp%2Fv2%2Fmedia&parent=3013"}],"wp:term":[{"taxonomy":"product_brand","embeddable":true,"href":"https:\/\/macstylerdz.com\/index.php?rest_route=%2Fwp%2Fv2%2Fproduct_brand&post=3013"},{"taxonomy":"product_cat","embeddable":true,"href":"https:\/\/macstylerdz.com\/index.php?rest_route=%2Fwp%2Fv2%2Fproduct_cat&post=3013"},{"taxonomy":"product_tag","embeddable":true,"href":"https:\/\/macstylerdz.com\/index.php?rest_route=%2Fwp%2Fv2%2Fproduct_tag&post=3013"}],"curies":[{"name":"wp","href":"https:\/\/api.w.org\/{rel}","templated":true}]}}