{"id":2940,"date":"2024-07-10T12:37:00","date_gmt":"2024-07-10T12:37:00","guid":{"rendered":"https:\/\/macstylerdz.com\/?post_type=product&#038;p=2940"},"modified":"2026-02-27T00:40:57","modified_gmt":"2026-02-27T00:40:57","slug":"lisseur-mc-3064","status":"publish","type":"product","link":"https:\/\/macstylerdz.com\/?product=lisseur-mc-3064","title":{"rendered":"Fers \u00e0 Lisser Rouge K\u00e9ratine th\u00e9rapie- 750 F"},"content":{"rendered":"<ul>\n<li>Lisseur\u00a0 750 F Le lisseur Moisture Protect a une technologie de capteur nouvelle innovante appel\u00e9e humidit\u00e9 Prot\u00e9ger capteur.Cette technologie a \u00e9t\u00e9 sp\u00e9cialement con\u00e7u pour pr\u00e9server l&rsquo;hydratation naturelle de vos cheveux, Le capteur diagnostique vos cheveux 30 fois par seconde et adapte la temp\u00e9rature pour pr\u00e9server l&rsquo;hydratation naturelle de vos cheveux. Cela donne une protection avanc\u00e9e \u00e0 vos cheveux contre la surchauffe et donc garde vos cheveux sains et brillants.<\/li>\n<\/ul>\n","protected":false},"excerpt":{"rendered":"<p>Mod\u00e8le : MC-3064<\/p>\n<ul>\n<li>plaques chauffants<\/li>\n<li>panneau d affichage<\/li>\n<li>verrou de fermeture<\/li>\n<li>r\u00e9glage de la temp\u00e9rature<\/li>\n<li>cordon rotatif<\/li>\n<\/ul>\n","protected":false},"featured_media":2948,"comment_status":"open","ping_status":"closed","template":"","meta":[],"product_brand":[],"product_cat":[28],"product_tag":[],"class_list":{"0":"post-2940","1":"product","2":"type-product","3":"status-publish","4":"has-post-thumbnail","6":"product_cat-lisseurs","8":"first","9":"instock","10":"sale","11":"taxable","12":"shipping-taxable","13":"purchasable","14":"product-type-simple"},"yoast_head":"<!-- This site is optimized with the Yoast SEO plugin v27.5 - https:\/\/yoast.com\/product\/yoast-seo-wordpress\/ -->\n<title>Fers \u00e0 Lisser Rouge K\u00e9ratine th\u00e9rapie- 750 F - MAC STYLER DZ<\/title>\n<meta name=\"robots\" content=\"index, follow, max-snippet:-1, max-image-preview:large, max-video-preview:-1\" \/>\n<link rel=\"canonical\" href=\"https:\/\/macstylerdz.com\/produit\/lisseur-mc-3064\/\" \/>\n<meta property=\"og:locale\" content=\"fr_FR\" \/>\n<meta property=\"og:type\" content=\"article\" \/>\n<meta property=\"og:title\" content=\"Fers \u00e0 Lisser Rouge K\u00e9ratine th\u00e9rapie- 750 F - MAC STYLER DZ\" \/>\n<meta property=\"og:description\" content=\"Mod\u00e8le : MC-3064   plaques chauffants  panneau d affichage  verrou de fermeture  r\u00e9glage de la temp\u00e9rature  cordon rotatif\" \/>\n<meta property=\"og:url\" content=\"https:\/\/macstylerdz.com\/produit\/lisseur-mc-3064\/\" \/>\n<meta property=\"og:site_name\" content=\"MAC STYLER DZ\" \/>\n<meta property=\"article:publisher\" content=\"https:\/\/www.facebook.com\/lisseur\/\" \/>\n<meta property=\"article:modified_time\" content=\"2026-02-27T00:40:57+00:00\" \/>\n<meta property=\"og:image\" content=\"https:\/\/macstylerdz.com\/wp-content\/uploads\/2024\/07\/3064-1.jpg\" \/>\n\t<meta property=\"og:image:width\" content=\"2000\" \/>\n\t<meta property=\"og:image:height\" content=\"2000\" \/>\n\t<meta property=\"og:image:type\" content=\"image\/jpeg\" \/>\n<meta name=\"twitter:card\" content=\"summary_large_image\" \/>\n<meta name=\"twitter:label1\" content=\"Dur\u00e9e de lecture estim\u00e9e\" \/>\n\t<meta name=\"twitter:data1\" content=\"1 minute\" \/>\n<script type=\"application\/ld+json\" class=\"yoast-schema-graph\">{\"@context\":\"https:\\\/\\\/schema.org\",\"@graph\":[{\"@type\":\"WebPage\",\"@id\":\"https:\\\/\\\/macstylerdz.com\\\/produit\\\/lisseur-mc-3064\\\/\",\"url\":\"https:\\\/\\\/macstylerdz.com\\\/produit\\\/lisseur-mc-3064\\\/\",\"name\":\"Fers \u00e0 Lisser Rouge K\u00e9ratine th\u00e9rapie- 750 F - MAC STYLER DZ\",\"isPartOf\":{\"@id\":\"https:\\\/\\\/macstylerdz.com\\\/#website\"},\"primaryImageOfPage\":{\"@id\":\"https:\\\/\\\/macstylerdz.com\\\/produit\\\/lisseur-mc-3064\\\/#primaryimage\"},\"image\":{\"@id\":\"https:\\\/\\\/macstylerdz.com\\\/produit\\\/lisseur-mc-3064\\\/#primaryimage\"},\"thumbnailUrl\":\"https:\\\/\\\/macstylerdz.com\\\/wp-content\\\/uploads\\\/2024\\\/07\\\/3064-1.jpg\",\"datePublished\":\"2024-07-10T12:37:00+00:00\",\"dateModified\":\"2026-02-27T00:40:57+00:00\",\"breadcrumb\":{\"@id\":\"https:\\\/\\\/macstylerdz.com\\\/produit\\\/lisseur-mc-3064\\\/#breadcrumb\"},\"inLanguage\":\"fr-FR\",\"potentialAction\":[{\"@type\":\"ReadAction\",\"target\":[\"https:\\\/\\\/macstylerdz.com\\\/produit\\\/lisseur-mc-3064\\\/\"]}]},{\"@type\":\"ImageObject\",\"inLanguage\":\"fr-FR\",\"@id\":\"https:\\\/\\\/macstylerdz.com\\\/produit\\\/lisseur-mc-3064\\\/#primaryimage\",\"url\":\"https:\\\/\\\/macstylerdz.com\\\/wp-content\\\/uploads\\\/2024\\\/07\\\/3064-1.jpg\",\"contentUrl\":\"https:\\\/\\\/macstylerdz.com\\\/wp-content\\\/uploads\\\/2024\\\/07\\\/3064-1.jpg\",\"width\":2000,\"height\":2000},{\"@type\":\"BreadcrumbList\",\"@id\":\"https:\\\/\\\/macstylerdz.com\\\/produit\\\/lisseur-mc-3064\\\/#breadcrumb\",\"itemListElement\":[{\"@type\":\"ListItem\",\"position\":1,\"name\":\"Home\",\"item\":\"https:\\\/\\\/macstylerdz.com\\\/\"},{\"@type\":\"ListItem\",\"position\":2,\"name\":\"SHOP\",\"item\":\"https:\\\/\\\/macstylerdz.com\\\/\"},{\"@type\":\"ListItem\",\"position\":3,\"name\":\"Fers \u00e0 Lisser Rouge K\u00e9ratine th\u00e9rapie- 750 F\"}]},{\"@type\":\"WebSite\",\"@id\":\"https:\\\/\\\/macstylerdz.com\\\/#website\",\"url\":\"https:\\\/\\\/macstylerdz.com\\\/\",\"name\":\"MAC STYLER DZ\",\"description\":\"Achetez les appareils et les outils de coiffure de la marque Mac Styler sur le site officiel en Alg\u00e9rie.\",\"publisher\":{\"@id\":\"https:\\\/\\\/macstylerdz.com\\\/#organization\"},\"alternateName\":\"macstyler\",\"potentialAction\":[{\"@type\":\"SearchAction\",\"target\":{\"@type\":\"EntryPoint\",\"urlTemplate\":\"https:\\\/\\\/macstylerdz.com\\\/?s={search_term_string}\"},\"query-input\":{\"@type\":\"PropertyValueSpecification\",\"valueRequired\":true,\"valueName\":\"search_term_string\"}}],\"inLanguage\":\"fr-FR\"},{\"@type\":\"Organization\",\"@id\":\"https:\\\/\\\/macstylerdz.com\\\/#organization\",\"name\":\"MAC STYLER DZ\",\"alternateName\":\"MAC STYLER ALGERIE\",\"url\":\"https:\\\/\\\/macstylerdz.com\\\/\",\"logo\":{\"@type\":\"ImageObject\",\"inLanguage\":\"fr-FR\",\"@id\":\"https:\\\/\\\/macstylerdz.com\\\/#\\\/schema\\\/logo\\\/image\\\/\",\"url\":\"https:\\\/\\\/macstylerdz.com\\\/wp-content\\\/uploads\\\/2024\\\/08\\\/MAC-STYLER-C.jpg\",\"contentUrl\":\"https:\\\/\\\/macstylerdz.com\\\/wp-content\\\/uploads\\\/2024\\\/08\\\/MAC-STYLER-C.jpg\",\"width\":500,\"height\":500,\"caption\":\"MAC STYLER DZ\"},\"image\":{\"@id\":\"https:\\\/\\\/macstylerdz.com\\\/#\\\/schema\\\/logo\\\/image\\\/\"},\"sameAs\":[\"https:\\\/\\\/www.facebook.com\\\/lisseur\\\/\",\"https:\\\/\\\/www.instagram.com\\\/dzmacshop\\\/\",\"https:\\\/\\\/www.tiktok.com\\\/@mac..styler\"]}]}<\/script>\n<!-- \/ Yoast SEO plugin. -->","yoast_head_json":{"title":"Fers \u00e0 Lisser Rouge K\u00e9ratine th\u00e9rapie- 750 F - MAC STYLER DZ","robots":{"index":"index","follow":"follow","max-snippet":"max-snippet:-1","max-image-preview":"max-image-preview:large","max-video-preview":"max-video-preview:-1"},"canonical":"https:\/\/macstylerdz.com\/produit\/lisseur-mc-3064\/","og_locale":"fr_FR","og_type":"article","og_title":"Fers \u00e0 Lisser Rouge K\u00e9ratine th\u00e9rapie- 750 F - MAC STYLER DZ","og_description":"Mod\u00e8le : MC-3064   plaques chauffants  panneau d affichage  verrou de fermeture  r\u00e9glage de la temp\u00e9rature  cordon rotatif","og_url":"https:\/\/macstylerdz.com\/produit\/lisseur-mc-3064\/","og_site_name":"MAC STYLER DZ","article_publisher":"https:\/\/www.facebook.com\/lisseur\/","article_modified_time":"2026-02-27T00:40:57+00:00","og_image":[{"width":2000,"height":2000,"url":"https:\/\/macstylerdz.com\/wp-content\/uploads\/2024\/07\/3064-1.jpg","type":"image\/jpeg"}],"twitter_card":"summary_large_image","twitter_misc":{"Dur\u00e9e de lecture estim\u00e9e":"1 minute"},"schema":{"@context":"https:\/\/schema.org","@graph":[{"@type":"WebPage","@id":"https:\/\/macstylerdz.com\/produit\/lisseur-mc-3064\/","url":"https:\/\/macstylerdz.com\/produit\/lisseur-mc-3064\/","name":"Fers \u00e0 Lisser Rouge K\u00e9ratine th\u00e9rapie- 750 F - MAC STYLER DZ","isPartOf":{"@id":"https:\/\/macstylerdz.com\/#website"},"primaryImageOfPage":{"@id":"https:\/\/macstylerdz.com\/produit\/lisseur-mc-3064\/#primaryimage"},"image":{"@id":"https:\/\/macstylerdz.com\/produit\/lisseur-mc-3064\/#primaryimage"},"thumbnailUrl":"https:\/\/macstylerdz.com\/wp-content\/uploads\/2024\/07\/3064-1.jpg","datePublished":"2024-07-10T12:37:00+00:00","dateModified":"2026-02-27T00:40:57+00:00","breadcrumb":{"@id":"https:\/\/macstylerdz.com\/produit\/lisseur-mc-3064\/#breadcrumb"},"inLanguage":"fr-FR","potentialAction":[{"@type":"ReadAction","target":["https:\/\/macstylerdz.com\/produit\/lisseur-mc-3064\/"]}]},{"@type":"ImageObject","inLanguage":"fr-FR","@id":"https:\/\/macstylerdz.com\/produit\/lisseur-mc-3064\/#primaryimage","url":"https:\/\/macstylerdz.com\/wp-content\/uploads\/2024\/07\/3064-1.jpg","contentUrl":"https:\/\/macstylerdz.com\/wp-content\/uploads\/2024\/07\/3064-1.jpg","width":2000,"height":2000},{"@type":"BreadcrumbList","@id":"https:\/\/macstylerdz.com\/produit\/lisseur-mc-3064\/#breadcrumb","itemListElement":[{"@type":"ListItem","position":1,"name":"Home","item":"https:\/\/macstylerdz.com\/"},{"@type":"ListItem","position":2,"name":"SHOP","item":"https:\/\/macstylerdz.com\/"},{"@type":"ListItem","position":3,"name":"Fers \u00e0 Lisser Rouge K\u00e9ratine th\u00e9rapie- 750 F"}]},{"@type":"WebSite","@id":"https:\/\/macstylerdz.com\/#website","url":"https:\/\/macstylerdz.com\/","name":"MAC STYLER DZ","description":"Achetez les appareils et les outils de coiffure de la marque Mac Styler sur le site officiel en Alg\u00e9rie.","publisher":{"@id":"https:\/\/macstylerdz.com\/#organization"},"alternateName":"macstyler","potentialAction":[{"@type":"SearchAction","target":{"@type":"EntryPoint","urlTemplate":"https:\/\/macstylerdz.com\/?s={search_term_string}"},"query-input":{"@type":"PropertyValueSpecification","valueRequired":true,"valueName":"search_term_string"}}],"inLanguage":"fr-FR"},{"@type":"Organization","@id":"https:\/\/macstylerdz.com\/#organization","name":"MAC STYLER DZ","alternateName":"MAC STYLER ALGERIE","url":"https:\/\/macstylerdz.com\/","logo":{"@type":"ImageObject","inLanguage":"fr-FR","@id":"https:\/\/macstylerdz.com\/#\/schema\/logo\/image\/","url":"https:\/\/macstylerdz.com\/wp-content\/uploads\/2024\/08\/MAC-STYLER-C.jpg","contentUrl":"https:\/\/macstylerdz.com\/wp-content\/uploads\/2024\/08\/MAC-STYLER-C.jpg","width":500,"height":500,"caption":"MAC STYLER DZ"},"image":{"@id":"https:\/\/macstylerdz.com\/#\/schema\/logo\/image\/"},"sameAs":["https:\/\/www.facebook.com\/lisseur\/","https:\/\/www.instagram.com\/dzmacshop\/","https:\/\/www.tiktok.com\/@mac..styler"]}]}},"_links":{"self":[{"href":"https:\/\/macstylerdz.com\/index.php?rest_route=\/wp\/v2\/product\/2940","targetHints":{"allow":["GET"]}}],"collection":[{"href":"https:\/\/macstylerdz.com\/index.php?rest_route=\/wp\/v2\/product"}],"about":[{"href":"https:\/\/macstylerdz.com\/index.php?rest_route=\/wp\/v2\/types\/product"}],"replies":[{"embeddable":true,"href":"https:\/\/macstylerdz.com\/index.php?rest_route=%2Fwp%2Fv2%2Fcomments&post=2940"}],"wp:featuredmedia":[{"embeddable":true,"href":"https:\/\/macstylerdz.com\/index.php?rest_route=\/wp\/v2\/media\/2948"}],"wp:attachment":[{"href":"https:\/\/macstylerdz.com\/index.php?rest_route=%2Fwp%2Fv2%2Fmedia&parent=2940"}],"wp:term":[{"taxonomy":"product_brand","embeddable":true,"href":"https:\/\/macstylerdz.com\/index.php?rest_route=%2Fwp%2Fv2%2Fproduct_brand&post=2940"},{"taxonomy":"product_cat","embeddable":true,"href":"https:\/\/macstylerdz.com\/index.php?rest_route=%2Fwp%2Fv2%2Fproduct_cat&post=2940"},{"taxonomy":"product_tag","embeddable":true,"href":"https:\/\/macstylerdz.com\/index.php?rest_route=%2Fwp%2Fv2%2Fproduct_tag&post=2940"}],"curies":[{"name":"wp","href":"https:\/\/api.w.org\/{rel}","templated":true}]}}