{"id":1796,"date":"2024-06-25T00:02:25","date_gmt":"2024-06-25T00:02:25","guid":{"rendered":"https:\/\/macstylerdz.com\/?post_type=product&#038;p=1796"},"modified":"2026-04-08T10:09:11","modified_gmt":"2026-04-08T10:09:11","slug":"tondeuse-mc-5804","status":"publish","type":"product","link":"https:\/\/macstylerdz.com\/?product=tondeuse-mc-5804","title":{"rendered":"Tondeuses Cheveux Barbe Homme Zero 0 Mm Professionnelle"},"content":{"rendered":"<p style=\"text-align: left;\"><b>Tondeuses \u00e0 Cheveux Pour Homme Professionnelle Sans Fil<\/b>L<strong>e<\/strong> rasage est une partie n\u00e9cessaire de la routine quotidienne de la plupart des hommes.\u00a0Vous devriez peser vos options soigneusement parce que vous ne devriez pas faire confiance \u00e0 votre peau ou \u00e0 votre apparence \u00e0 n&rsquo;importe quel rasoir.\u00a0C&rsquo;est pourquoi nous allons offrir cette tondeuse<\/p>\n<ul class=\"a-unordered-list a-vertical a-spacing-mini\">\n<li style=\"text-align: left;\">Forte puissance et faible bruit: tondeuses sans fil pour les hommes , moteur qui fournit une puissance importante et la vitesse sans produire de la chaleur suppl\u00e9mentaire, la technologie \u00e0 faible bruit r\u00e9duit le bruit inf\u00e9rieur \u00e0 60 lb, ce qui est loin inf\u00e9rieur \u00e0 la norme de l&rsquo;UE 70dn;<\/li>\n<li style=\"text-align: left;\">USB Charge et sans fil: Cette tondeuse cheveux pour les hommes avec la batterie 600 mAh puissant lithium avec dur\u00e9e de 60 minutes au bout de 1 heures, compl\u00e8tement charg\u00e9 sans fil tondeuses et taille-bordures commodit\u00e9 d&rsquo;utilisation partout et \u00e0 tout moment;<\/li>\n<li style=\"text-align: left;\">Portable et l\u00e9ger: Nos cheveux de toilettage pour les hommes 5.90inch x 1.57inch, la tondeuse \u00e0 cheveux taille \u00e0 port\u00e9e de main peut \u00eatre tenue pour une utilisation pratique et entra\u00een\u00e9 pour voyager ainsi, assure de longue dur\u00e9e la jouissance de votre achat;<\/li>\n<li style=\"text-align: left;\">Cadeau Surprise: Nos tondeuses professionnelles avec 4 peignes limites (3mm\/6mm,9mm\/12mm) r\u00e9pond \u00e0 des usages plus personnels. motifs de sculpture exquis vous font para\u00eetre, meilleurs cadeaux \u00e9l\u00e9gants et uniques pour les hommes \/ p\u00e8re \/ mari \/ petit ami pour tailler la barbe et coupe de cheveux. Obtenez votre famille \u00e0 la recherche grand et \u00e9conomiser de l&rsquo;argent.<\/li>\n<\/ul>\n","protected":false},"excerpt":{"rendered":"<p>Mod\u00e8le : MC-5804<\/p>\n<ul class=\"a-unordered-list a-vertical a-spacing-mini\">\n<li>Utilisation: visage, barbe, moustache, barbier.<\/li>\n<li>Temps de travail: 60 minutes<\/li>\n<li>Charge rapide et forte puissance<\/li>\n<li>600 mAh batterie au lithium<\/li>\n<li>Outil de barbier professionnel ou usage domestique<\/li>\n<li>Mat\u00e9riel: ABS et m\u00e9tal<\/li>\n<li>Couleur: noir<\/li>\n<li>Tension: 100-240V<\/li>\n<li>Type d&rsquo;alimentation: Rechargeable USB<\/li>\n<\/ul>\n","protected":false},"featured_media":2607,"comment_status":"open","ping_status":"closed","template":"","meta":[],"product_brand":[446],"product_cat":[34],"product_tag":[229],"class_list":{"0":"post-1796","1":"product","2":"type-product","3":"status-publish","4":"has-post-thumbnail","6":"product_brand-mac-styler-boutique-enligne-acheter","7":"product_cat-tondeuse-accessoires","8":"product_tag-tondeuses-mac-styler-mc-5804","10":"first","11":"instock","12":"taxable","13":"shipping-taxable","14":"purchasable","15":"product-type-simple"},"yoast_head":"<!-- This site is optimized with the Yoast SEO plugin v27.5 - https:\/\/yoast.com\/product\/yoast-seo-wordpress\/ -->\n<title>Tondeuses Cheveux Barbe Homme Zero 0 Mm Professionnelle - MAC STYLER DZ<\/title>\n<meta name=\"robots\" content=\"index, follow, max-snippet:-1, max-image-preview:large, max-video-preview:-1\" \/>\n<link rel=\"canonical\" href=\"https:\/\/macstylerdz.com\/produit\/tondeuse-mc-5804\/\" \/>\n<meta property=\"og:locale\" content=\"fr_FR\" \/>\n<meta property=\"og:type\" content=\"article\" \/>\n<meta property=\"og:title\" content=\"Tondeuses Cheveux Barbe Homme Zero 0 Mm Professionnelle - MAC STYLER DZ\" \/>\n<meta property=\"og:description\" content=\"Mod\u00e8le : MC-5804   Utilisation: visage, barbe, moustache, barbier.  Temps de travail: 60 minutes  Charge rapide et forte puissance  600 mAh batterie au lithium  Outil de barbier professionnel ou usage domestique  Mat\u00e9riel: ABS et m\u00e9tal  Couleur: noir  Tension: 100-240V  Type d&#039;alimentation: Rechargeable USB\" \/>\n<meta property=\"og:url\" content=\"https:\/\/macstylerdz.com\/produit\/tondeuse-mc-5804\/\" \/>\n<meta property=\"og:site_name\" content=\"MAC STYLER DZ\" \/>\n<meta property=\"article:publisher\" content=\"https:\/\/www.facebook.com\/lisseur\/\" \/>\n<meta property=\"article:modified_time\" content=\"2026-04-08T10:09:11+00:00\" \/>\n<meta property=\"og:image\" content=\"https:\/\/macstylerdz.com\/wp-content\/uploads\/2024\/06\/imgdownloader.com-20240707203226256995.webp\" \/>\n\t<meta property=\"og:image:width\" content=\"2000\" \/>\n\t<meta property=\"og:image:height\" content=\"2000\" \/>\n\t<meta property=\"og:image:type\" content=\"image\/webp\" \/>\n<meta name=\"twitter:card\" content=\"summary_large_image\" \/>\n<meta name=\"twitter:label1\" content=\"Dur\u00e9e de lecture estim\u00e9e\" \/>\n\t<meta name=\"twitter:data1\" content=\"2 minutes\" \/>\n<script type=\"application\/ld+json\" class=\"yoast-schema-graph\">{\"@context\":\"https:\\\/\\\/schema.org\",\"@graph\":[{\"@type\":\"WebPage\",\"@id\":\"https:\\\/\\\/macstylerdz.com\\\/produit\\\/tondeuse-mc-5804\\\/\",\"url\":\"https:\\\/\\\/macstylerdz.com\\\/produit\\\/tondeuse-mc-5804\\\/\",\"name\":\"Tondeuses Cheveux Barbe Homme Zero 0 Mm Professionnelle - MAC STYLER DZ\",\"isPartOf\":{\"@id\":\"https:\\\/\\\/macstylerdz.com\\\/#website\"},\"primaryImageOfPage\":{\"@id\":\"https:\\\/\\\/macstylerdz.com\\\/produit\\\/tondeuse-mc-5804\\\/#primaryimage\"},\"image\":{\"@id\":\"https:\\\/\\\/macstylerdz.com\\\/produit\\\/tondeuse-mc-5804\\\/#primaryimage\"},\"thumbnailUrl\":\"https:\\\/\\\/macstylerdz.com\\\/wp-content\\\/uploads\\\/2024\\\/06\\\/imgdownloader.com-20240707203226256995.webp\",\"datePublished\":\"2024-06-25T00:02:25+00:00\",\"dateModified\":\"2026-04-08T10:09:11+00:00\",\"breadcrumb\":{\"@id\":\"https:\\\/\\\/macstylerdz.com\\\/produit\\\/tondeuse-mc-5804\\\/#breadcrumb\"},\"inLanguage\":\"fr-FR\",\"potentialAction\":[{\"@type\":\"ReadAction\",\"target\":[\"https:\\\/\\\/macstylerdz.com\\\/produit\\\/tondeuse-mc-5804\\\/\"]}]},{\"@type\":\"ImageObject\",\"inLanguage\":\"fr-FR\",\"@id\":\"https:\\\/\\\/macstylerdz.com\\\/produit\\\/tondeuse-mc-5804\\\/#primaryimage\",\"url\":\"https:\\\/\\\/macstylerdz.com\\\/wp-content\\\/uploads\\\/2024\\\/06\\\/imgdownloader.com-20240707203226256995.webp\",\"contentUrl\":\"https:\\\/\\\/macstylerdz.com\\\/wp-content\\\/uploads\\\/2024\\\/06\\\/imgdownloader.com-20240707203226256995.webp\",\"width\":2000,\"height\":2000},{\"@type\":\"BreadcrumbList\",\"@id\":\"https:\\\/\\\/macstylerdz.com\\\/produit\\\/tondeuse-mc-5804\\\/#breadcrumb\",\"itemListElement\":[{\"@type\":\"ListItem\",\"position\":1,\"name\":\"Home\",\"item\":\"https:\\\/\\\/macstylerdz.com\\\/\"},{\"@type\":\"ListItem\",\"position\":2,\"name\":\"SHOP\",\"item\":\"https:\\\/\\\/macstylerdz.com\\\/\"},{\"@type\":\"ListItem\",\"position\":3,\"name\":\"Tondeuses Cheveux Barbe Homme Zero 0 Mm Professionnelle\"}]},{\"@type\":\"WebSite\",\"@id\":\"https:\\\/\\\/macstylerdz.com\\\/#website\",\"url\":\"https:\\\/\\\/macstylerdz.com\\\/\",\"name\":\"MAC STYLER DZ\",\"description\":\"Achetez les appareils et les outils de coiffure de la marque Mac Styler sur le site officiel en Alg\u00e9rie.\",\"publisher\":{\"@id\":\"https:\\\/\\\/macstylerdz.com\\\/#organization\"},\"alternateName\":\"macstyler\",\"potentialAction\":[{\"@type\":\"SearchAction\",\"target\":{\"@type\":\"EntryPoint\",\"urlTemplate\":\"https:\\\/\\\/macstylerdz.com\\\/?s={search_term_string}\"},\"query-input\":{\"@type\":\"PropertyValueSpecification\",\"valueRequired\":true,\"valueName\":\"search_term_string\"}}],\"inLanguage\":\"fr-FR\"},{\"@type\":\"Organization\",\"@id\":\"https:\\\/\\\/macstylerdz.com\\\/#organization\",\"name\":\"MAC STYLER DZ\",\"alternateName\":\"MAC STYLER ALGERIE\",\"url\":\"https:\\\/\\\/macstylerdz.com\\\/\",\"logo\":{\"@type\":\"ImageObject\",\"inLanguage\":\"fr-FR\",\"@id\":\"https:\\\/\\\/macstylerdz.com\\\/#\\\/schema\\\/logo\\\/image\\\/\",\"url\":\"https:\\\/\\\/macstylerdz.com\\\/wp-content\\\/uploads\\\/2024\\\/08\\\/MAC-STYLER-C.jpg\",\"contentUrl\":\"https:\\\/\\\/macstylerdz.com\\\/wp-content\\\/uploads\\\/2024\\\/08\\\/MAC-STYLER-C.jpg\",\"width\":500,\"height\":500,\"caption\":\"MAC STYLER DZ\"},\"image\":{\"@id\":\"https:\\\/\\\/macstylerdz.com\\\/#\\\/schema\\\/logo\\\/image\\\/\"},\"sameAs\":[\"https:\\\/\\\/www.facebook.com\\\/lisseur\\\/\",\"https:\\\/\\\/www.instagram.com\\\/dzmacshop\\\/\",\"https:\\\/\\\/www.tiktok.com\\\/@mac..styler\"]}]}<\/script>\n<!-- \/ Yoast SEO plugin. -->","yoast_head_json":{"title":"Tondeuses Cheveux Barbe Homme Zero 0 Mm Professionnelle - MAC STYLER DZ","robots":{"index":"index","follow":"follow","max-snippet":"max-snippet:-1","max-image-preview":"max-image-preview:large","max-video-preview":"max-video-preview:-1"},"canonical":"https:\/\/macstylerdz.com\/produit\/tondeuse-mc-5804\/","og_locale":"fr_FR","og_type":"article","og_title":"Tondeuses Cheveux Barbe Homme Zero 0 Mm Professionnelle - MAC STYLER DZ","og_description":"Mod\u00e8le : MC-5804   Utilisation: visage, barbe, moustache, barbier.  Temps de travail: 60 minutes  Charge rapide et forte puissance  600 mAh batterie au lithium  Outil de barbier professionnel ou usage domestique  Mat\u00e9riel: ABS et m\u00e9tal  Couleur: noir  Tension: 100-240V  Type d'alimentation: Rechargeable USB","og_url":"https:\/\/macstylerdz.com\/produit\/tondeuse-mc-5804\/","og_site_name":"MAC STYLER DZ","article_publisher":"https:\/\/www.facebook.com\/lisseur\/","article_modified_time":"2026-04-08T10:09:11+00:00","og_image":[{"width":2000,"height":2000,"url":"https:\/\/macstylerdz.com\/wp-content\/uploads\/2024\/06\/imgdownloader.com-20240707203226256995.webp","type":"image\/webp"}],"twitter_card":"summary_large_image","twitter_misc":{"Dur\u00e9e de lecture estim\u00e9e":"2 minutes"},"schema":{"@context":"https:\/\/schema.org","@graph":[{"@type":"WebPage","@id":"https:\/\/macstylerdz.com\/produit\/tondeuse-mc-5804\/","url":"https:\/\/macstylerdz.com\/produit\/tondeuse-mc-5804\/","name":"Tondeuses Cheveux Barbe Homme Zero 0 Mm Professionnelle - MAC STYLER DZ","isPartOf":{"@id":"https:\/\/macstylerdz.com\/#website"},"primaryImageOfPage":{"@id":"https:\/\/macstylerdz.com\/produit\/tondeuse-mc-5804\/#primaryimage"},"image":{"@id":"https:\/\/macstylerdz.com\/produit\/tondeuse-mc-5804\/#primaryimage"},"thumbnailUrl":"https:\/\/macstylerdz.com\/wp-content\/uploads\/2024\/06\/imgdownloader.com-20240707203226256995.webp","datePublished":"2024-06-25T00:02:25+00:00","dateModified":"2026-04-08T10:09:11+00:00","breadcrumb":{"@id":"https:\/\/macstylerdz.com\/produit\/tondeuse-mc-5804\/#breadcrumb"},"inLanguage":"fr-FR","potentialAction":[{"@type":"ReadAction","target":["https:\/\/macstylerdz.com\/produit\/tondeuse-mc-5804\/"]}]},{"@type":"ImageObject","inLanguage":"fr-FR","@id":"https:\/\/macstylerdz.com\/produit\/tondeuse-mc-5804\/#primaryimage","url":"https:\/\/macstylerdz.com\/wp-content\/uploads\/2024\/06\/imgdownloader.com-20240707203226256995.webp","contentUrl":"https:\/\/macstylerdz.com\/wp-content\/uploads\/2024\/06\/imgdownloader.com-20240707203226256995.webp","width":2000,"height":2000},{"@type":"BreadcrumbList","@id":"https:\/\/macstylerdz.com\/produit\/tondeuse-mc-5804\/#breadcrumb","itemListElement":[{"@type":"ListItem","position":1,"name":"Home","item":"https:\/\/macstylerdz.com\/"},{"@type":"ListItem","position":2,"name":"SHOP","item":"https:\/\/macstylerdz.com\/"},{"@type":"ListItem","position":3,"name":"Tondeuses Cheveux Barbe Homme Zero 0 Mm Professionnelle"}]},{"@type":"WebSite","@id":"https:\/\/macstylerdz.com\/#website","url":"https:\/\/macstylerdz.com\/","name":"MAC STYLER DZ","description":"Achetez les appareils et les outils de coiffure de la marque Mac Styler sur le site officiel en Alg\u00e9rie.","publisher":{"@id":"https:\/\/macstylerdz.com\/#organization"},"alternateName":"macstyler","potentialAction":[{"@type":"SearchAction","target":{"@type":"EntryPoint","urlTemplate":"https:\/\/macstylerdz.com\/?s={search_term_string}"},"query-input":{"@type":"PropertyValueSpecification","valueRequired":true,"valueName":"search_term_string"}}],"inLanguage":"fr-FR"},{"@type":"Organization","@id":"https:\/\/macstylerdz.com\/#organization","name":"MAC STYLER DZ","alternateName":"MAC STYLER ALGERIE","url":"https:\/\/macstylerdz.com\/","logo":{"@type":"ImageObject","inLanguage":"fr-FR","@id":"https:\/\/macstylerdz.com\/#\/schema\/logo\/image\/","url":"https:\/\/macstylerdz.com\/wp-content\/uploads\/2024\/08\/MAC-STYLER-C.jpg","contentUrl":"https:\/\/macstylerdz.com\/wp-content\/uploads\/2024\/08\/MAC-STYLER-C.jpg","width":500,"height":500,"caption":"MAC STYLER DZ"},"image":{"@id":"https:\/\/macstylerdz.com\/#\/schema\/logo\/image\/"},"sameAs":["https:\/\/www.facebook.com\/lisseur\/","https:\/\/www.instagram.com\/dzmacshop\/","https:\/\/www.tiktok.com\/@mac..styler"]}]}},"_links":{"self":[{"href":"https:\/\/macstylerdz.com\/index.php?rest_route=\/wp\/v2\/product\/1796","targetHints":{"allow":["GET"]}}],"collection":[{"href":"https:\/\/macstylerdz.com\/index.php?rest_route=\/wp\/v2\/product"}],"about":[{"href":"https:\/\/macstylerdz.com\/index.php?rest_route=\/wp\/v2\/types\/product"}],"replies":[{"embeddable":true,"href":"https:\/\/macstylerdz.com\/index.php?rest_route=%2Fwp%2Fv2%2Fcomments&post=1796"}],"wp:featuredmedia":[{"embeddable":true,"href":"https:\/\/macstylerdz.com\/index.php?rest_route=\/wp\/v2\/media\/2607"}],"wp:attachment":[{"href":"https:\/\/macstylerdz.com\/index.php?rest_route=%2Fwp%2Fv2%2Fmedia&parent=1796"}],"wp:term":[{"taxonomy":"product_brand","embeddable":true,"href":"https:\/\/macstylerdz.com\/index.php?rest_route=%2Fwp%2Fv2%2Fproduct_brand&post=1796"},{"taxonomy":"product_cat","embeddable":true,"href":"https:\/\/macstylerdz.com\/index.php?rest_route=%2Fwp%2Fv2%2Fproduct_cat&post=1796"},{"taxonomy":"product_tag","embeddable":true,"href":"https:\/\/macstylerdz.com\/index.php?rest_route=%2Fwp%2Fv2%2Fproduct_tag&post=1796"}],"curies":[{"name":"wp","href":"https:\/\/api.w.org\/{rel}","templated":true}]}}