{"id":1747,"date":"2024-06-25T00:01:52","date_gmt":"2024-06-25T00:01:52","guid":{"rendered":"https:\/\/macstylerdz.com\/?post_type=product&#038;p=1747"},"modified":"2026-04-08T10:09:45","modified_gmt":"2026-04-08T10:09:45","slug":"tondeuse-mc-1025","status":"publish","type":"product","link":"https:\/\/macstylerdz.com\/?product=tondeuse-mc-1025","title":{"rendered":"Tondeuse Barbe et Cheveux Sans Fil &#8211; Noir"},"content":{"rendered":"<p style=\"text-align: left;\"><b>Tondeuse Barbe Sans fil &#8211; 45 min + 4 Attachements\u00a0<\/b>\u00a0Lame durable de haute qualit\u00e9 offre des bords pr\u00e9cis. Coupe de cheveux parfaite sans tirer. La tondeuse pour hommes prend en charge des r\u00e9glages pr\u00e9cis allant de 4 mm \u00e0 30 mm et une pr\u00e9cision au millim\u00e8tre pr\u00e8s.Ensemble complet avec bo\u00eete: Une tondeuse \u00e0 cheveux pour hommes qui r\u00e9pond \u00e0 tous vos besoins en mati\u00e8re de beaut\u00e9. 4 peignes pour tous les types de cheveux. Tous les outils sont adapt\u00e9s pour une utilisation en toute s\u00e9curit\u00e9 par les adultes et les enfantsFonctionnement sans fil: La tondeuse sans fil peut \u00eatre utilis\u00e9e lorsque vous \u00eates connect\u00e9. Convient pour les coupes de cheveux en famille et les coiffeurs professionnels. La batterie rechargeable longue dur\u00e9e a une dur\u00e9e de travail de 45 minutes . Cela lui permet d&rsquo;\u00eatre utilis\u00e9 \u00e0 tout moment, n&rsquo;importe o\u00f9.<\/p>\n","protected":false},"excerpt":{"rendered":"<p>Mod\u00e8le : MC-1025<\/p>\n<p>1- Tondeuse sans fil avec une batterie offrant 45 minutes d&rsquo;autonomie, \u00e9quip\u00e9e de lames durables pour une coupe pr\u00e9cise sans tiraillement.<br \/>\n2- R\u00e9glages de longueur de coupe ajustables de 4 mm \u00e0 30 mm, permettant une pr\u00e9cision au millim\u00e8tre pr\u00e8s pour diff\u00e9rents styles de coiffure.<br \/>\n3- Ensemble complet avec 4 peignes pour tous les types de cheveux, adapt\u00e9 pour une utilisation s\u00e9curis\u00e9e par adultes et enfants.<br \/>\n4- Fonctionnement sans fil pratique pour une utilisation \u00e0 domicile ou en salon, avec une recharge facile et rapide.<\/p>\n","protected":false},"featured_media":3597,"comment_status":"open","ping_status":"closed","template":"","meta":[],"product_brand":[446],"product_cat":[34],"product_tag":[372],"class_list":{"0":"post-1747","1":"product","2":"type-product","3":"status-publish","4":"has-post-thumbnail","6":"product_brand-mac-styler-boutique-enligne-acheter","7":"product_cat-tondeuse-accessoires","8":"product_tag-tondeuses-mac-styler-mc-1025","10":"first","11":"instock","12":"taxable","13":"shipping-taxable","14":"purchasable","15":"product-type-simple"},"yoast_head":"<!-- This site is optimized with the Yoast SEO plugin v27.5 - https:\/\/yoast.com\/product\/yoast-seo-wordpress\/ -->\n<title>Tondeuse Barbe et Cheveux Sans Fil - Noir - MAC STYLER DZ<\/title>\n<meta name=\"robots\" content=\"index, follow, max-snippet:-1, max-image-preview:large, max-video-preview:-1\" \/>\n<link rel=\"canonical\" href=\"https:\/\/macstylerdz.com\/?product=tondeuse-mc-1025\" \/>\n<meta property=\"og:locale\" content=\"fr_FR\" \/>\n<meta property=\"og:type\" content=\"article\" \/>\n<meta property=\"og:title\" content=\"Tondeuse Barbe et Cheveux Sans Fil - Noir - MAC STYLER DZ\" \/>\n<meta property=\"og:description\" content=\"Mod\u00e8le : MC-1025  1- Tondeuse sans fil avec une batterie offrant 45 minutes d&#039;autonomie, \u00e9quip\u00e9e de lames durables pour une coupe pr\u00e9cise sans tiraillement. 2- R\u00e9glages de longueur de coupe ajustables de 4 mm \u00e0 30 mm, permettant une pr\u00e9cision au millim\u00e8tre pr\u00e8s pour diff\u00e9rents styles de coiffure. 3- Ensemble complet avec 4 peignes pour tous les types de cheveux, adapt\u00e9 pour une utilisation s\u00e9curis\u00e9e par adultes et enfants. 4- Fonctionnement sans fil pratique pour une utilisation \u00e0 domicile ou en salon, avec une recharge facile et rapide.\" \/>\n<meta property=\"og:url\" content=\"https:\/\/macstylerdz.com\/?product=tondeuse-mc-1025\" \/>\n<meta property=\"og:site_name\" content=\"MAC STYLER DZ\" \/>\n<meta property=\"article:publisher\" content=\"https:\/\/www.facebook.com\/lisseur\/\" \/>\n<meta property=\"article:modified_time\" content=\"2026-04-08T10:09:45+00:00\" \/>\n<meta property=\"og:image\" content=\"https:\/\/macstylerdz.com\/wp-content\/uploads\/2024\/06\/imgdownloader.com-20240713180340592229.webp\" \/>\n\t<meta property=\"og:image:width\" content=\"2000\" \/>\n\t<meta property=\"og:image:height\" content=\"2000\" \/>\n\t<meta property=\"og:image:type\" content=\"image\/webp\" \/>\n<meta name=\"twitter:card\" content=\"summary_large_image\" \/>\n<meta name=\"twitter:label1\" content=\"Dur\u00e9e de lecture estim\u00e9e\" \/>\n\t<meta name=\"twitter:data1\" content=\"1 minute\" \/>\n<script type=\"application\/ld+json\" class=\"yoast-schema-graph\">{\"@context\":\"https:\\\/\\\/schema.org\",\"@graph\":[{\"@type\":\"WebPage\",\"@id\":\"https:\\\/\\\/macstylerdz.com\\\/?product=tondeuse-mc-1025\",\"url\":\"https:\\\/\\\/macstylerdz.com\\\/?product=tondeuse-mc-1025\",\"name\":\"Tondeuse Barbe et Cheveux Sans Fil - Noir - MAC STYLER DZ\",\"isPartOf\":{\"@id\":\"https:\\\/\\\/macstylerdz.com\\\/#website\"},\"primaryImageOfPage\":{\"@id\":\"https:\\\/\\\/macstylerdz.com\\\/?product=tondeuse-mc-1025#primaryimage\"},\"image\":{\"@id\":\"https:\\\/\\\/macstylerdz.com\\\/?product=tondeuse-mc-1025#primaryimage\"},\"thumbnailUrl\":\"https:\\\/\\\/macstylerdz.com\\\/wp-content\\\/uploads\\\/2024\\\/06\\\/imgdownloader.com-20240713180340592229.webp\",\"datePublished\":\"2024-06-25T00:01:52+00:00\",\"dateModified\":\"2026-04-08T10:09:45+00:00\",\"breadcrumb\":{\"@id\":\"https:\\\/\\\/macstylerdz.com\\\/?product=tondeuse-mc-1025#breadcrumb\"},\"inLanguage\":\"fr-FR\",\"potentialAction\":[{\"@type\":\"ReadAction\",\"target\":[\"https:\\\/\\\/macstylerdz.com\\\/?product=tondeuse-mc-1025\"]}]},{\"@type\":\"ImageObject\",\"inLanguage\":\"fr-FR\",\"@id\":\"https:\\\/\\\/macstylerdz.com\\\/?product=tondeuse-mc-1025#primaryimage\",\"url\":\"https:\\\/\\\/macstylerdz.com\\\/wp-content\\\/uploads\\\/2024\\\/06\\\/imgdownloader.com-20240713180340592229.webp\",\"contentUrl\":\"https:\\\/\\\/macstylerdz.com\\\/wp-content\\\/uploads\\\/2024\\\/06\\\/imgdownloader.com-20240713180340592229.webp\",\"width\":2000,\"height\":2000},{\"@type\":\"BreadcrumbList\",\"@id\":\"https:\\\/\\\/macstylerdz.com\\\/?product=tondeuse-mc-1025#breadcrumb\",\"itemListElement\":[{\"@type\":\"ListItem\",\"position\":1,\"name\":\"Home\",\"item\":\"https:\\\/\\\/macstylerdz.com\\\/\"},{\"@type\":\"ListItem\",\"position\":2,\"name\":\"Products\",\"item\":\"https:\\\/\\\/macstylerdz.com\\\/products\\\/\"},{\"@type\":\"ListItem\",\"position\":3,\"name\":\"Tondeuse Barbe et Cheveux Sans Fil &#8211; Noir\"}]},{\"@type\":\"WebSite\",\"@id\":\"https:\\\/\\\/macstylerdz.com\\\/#website\",\"url\":\"https:\\\/\\\/macstylerdz.com\\\/\",\"name\":\"MAC STYLER DZ\",\"description\":\"Achetez les appareils et les outils de coiffure de la marque Mac Styler sur le site officiel en Alg\u00e9rie.\",\"publisher\":{\"@id\":\"https:\\\/\\\/macstylerdz.com\\\/#organization\"},\"alternateName\":\"macstyler\",\"potentialAction\":[{\"@type\":\"SearchAction\",\"target\":{\"@type\":\"EntryPoint\",\"urlTemplate\":\"https:\\\/\\\/macstylerdz.com\\\/?s={search_term_string}\"},\"query-input\":{\"@type\":\"PropertyValueSpecification\",\"valueRequired\":true,\"valueName\":\"search_term_string\"}}],\"inLanguage\":\"fr-FR\"},{\"@type\":\"Organization\",\"@id\":\"https:\\\/\\\/macstylerdz.com\\\/#organization\",\"name\":\"MAC STYLER DZ\",\"alternateName\":\"MAC STYLER ALGERIE\",\"url\":\"https:\\\/\\\/macstylerdz.com\\\/\",\"logo\":{\"@type\":\"ImageObject\",\"inLanguage\":\"fr-FR\",\"@id\":\"https:\\\/\\\/macstylerdz.com\\\/#\\\/schema\\\/logo\\\/image\\\/\",\"url\":\"https:\\\/\\\/macstylerdz.com\\\/wp-content\\\/uploads\\\/2024\\\/08\\\/MAC-STYLER-C.jpg\",\"contentUrl\":\"https:\\\/\\\/macstylerdz.com\\\/wp-content\\\/uploads\\\/2024\\\/08\\\/MAC-STYLER-C.jpg\",\"width\":500,\"height\":500,\"caption\":\"MAC STYLER DZ\"},\"image\":{\"@id\":\"https:\\\/\\\/macstylerdz.com\\\/#\\\/schema\\\/logo\\\/image\\\/\"},\"sameAs\":[\"https:\\\/\\\/www.facebook.com\\\/lisseur\\\/\",\"https:\\\/\\\/www.instagram.com\\\/dzmacshop\\\/\",\"https:\\\/\\\/www.tiktok.com\\\/@mac..styler\"]}]}<\/script>\n<!-- \/ Yoast SEO plugin. -->","yoast_head_json":{"title":"Tondeuse Barbe et Cheveux Sans Fil - Noir - MAC STYLER DZ","robots":{"index":"index","follow":"follow","max-snippet":"max-snippet:-1","max-image-preview":"max-image-preview:large","max-video-preview":"max-video-preview:-1"},"canonical":"https:\/\/macstylerdz.com\/?product=tondeuse-mc-1025","og_locale":"fr_FR","og_type":"article","og_title":"Tondeuse Barbe et Cheveux Sans Fil - Noir - MAC STYLER DZ","og_description":"Mod\u00e8le : MC-1025  1- Tondeuse sans fil avec une batterie offrant 45 minutes d'autonomie, \u00e9quip\u00e9e de lames durables pour une coupe pr\u00e9cise sans tiraillement. 2- R\u00e9glages de longueur de coupe ajustables de 4 mm \u00e0 30 mm, permettant une pr\u00e9cision au millim\u00e8tre pr\u00e8s pour diff\u00e9rents styles de coiffure. 3- Ensemble complet avec 4 peignes pour tous les types de cheveux, adapt\u00e9 pour une utilisation s\u00e9curis\u00e9e par adultes et enfants. 4- Fonctionnement sans fil pratique pour une utilisation \u00e0 domicile ou en salon, avec une recharge facile et rapide.","og_url":"https:\/\/macstylerdz.com\/?product=tondeuse-mc-1025","og_site_name":"MAC STYLER DZ","article_publisher":"https:\/\/www.facebook.com\/lisseur\/","article_modified_time":"2026-04-08T10:09:45+00:00","og_image":[{"width":2000,"height":2000,"url":"https:\/\/macstylerdz.com\/wp-content\/uploads\/2024\/06\/imgdownloader.com-20240713180340592229.webp","type":"image\/webp"}],"twitter_card":"summary_large_image","twitter_misc":{"Dur\u00e9e de lecture estim\u00e9e":"1 minute"},"schema":{"@context":"https:\/\/schema.org","@graph":[{"@type":"WebPage","@id":"https:\/\/macstylerdz.com\/?product=tondeuse-mc-1025","url":"https:\/\/macstylerdz.com\/?product=tondeuse-mc-1025","name":"Tondeuse Barbe et Cheveux Sans Fil - Noir - MAC STYLER DZ","isPartOf":{"@id":"https:\/\/macstylerdz.com\/#website"},"primaryImageOfPage":{"@id":"https:\/\/macstylerdz.com\/?product=tondeuse-mc-1025#primaryimage"},"image":{"@id":"https:\/\/macstylerdz.com\/?product=tondeuse-mc-1025#primaryimage"},"thumbnailUrl":"https:\/\/macstylerdz.com\/wp-content\/uploads\/2024\/06\/imgdownloader.com-20240713180340592229.webp","datePublished":"2024-06-25T00:01:52+00:00","dateModified":"2026-04-08T10:09:45+00:00","breadcrumb":{"@id":"https:\/\/macstylerdz.com\/?product=tondeuse-mc-1025#breadcrumb"},"inLanguage":"fr-FR","potentialAction":[{"@type":"ReadAction","target":["https:\/\/macstylerdz.com\/?product=tondeuse-mc-1025"]}]},{"@type":"ImageObject","inLanguage":"fr-FR","@id":"https:\/\/macstylerdz.com\/?product=tondeuse-mc-1025#primaryimage","url":"https:\/\/macstylerdz.com\/wp-content\/uploads\/2024\/06\/imgdownloader.com-20240713180340592229.webp","contentUrl":"https:\/\/macstylerdz.com\/wp-content\/uploads\/2024\/06\/imgdownloader.com-20240713180340592229.webp","width":2000,"height":2000},{"@type":"BreadcrumbList","@id":"https:\/\/macstylerdz.com\/?product=tondeuse-mc-1025#breadcrumb","itemListElement":[{"@type":"ListItem","position":1,"name":"Home","item":"https:\/\/macstylerdz.com\/"},{"@type":"ListItem","position":2,"name":"Products","item":"https:\/\/macstylerdz.com\/products\/"},{"@type":"ListItem","position":3,"name":"Tondeuse Barbe et Cheveux Sans Fil &#8211; Noir"}]},{"@type":"WebSite","@id":"https:\/\/macstylerdz.com\/#website","url":"https:\/\/macstylerdz.com\/","name":"MAC STYLER DZ","description":"Achetez les appareils et les outils de coiffure de la marque Mac Styler sur le site officiel en Alg\u00e9rie.","publisher":{"@id":"https:\/\/macstylerdz.com\/#organization"},"alternateName":"macstyler","potentialAction":[{"@type":"SearchAction","target":{"@type":"EntryPoint","urlTemplate":"https:\/\/macstylerdz.com\/?s={search_term_string}"},"query-input":{"@type":"PropertyValueSpecification","valueRequired":true,"valueName":"search_term_string"}}],"inLanguage":"fr-FR"},{"@type":"Organization","@id":"https:\/\/macstylerdz.com\/#organization","name":"MAC STYLER DZ","alternateName":"MAC STYLER ALGERIE","url":"https:\/\/macstylerdz.com\/","logo":{"@type":"ImageObject","inLanguage":"fr-FR","@id":"https:\/\/macstylerdz.com\/#\/schema\/logo\/image\/","url":"https:\/\/macstylerdz.com\/wp-content\/uploads\/2024\/08\/MAC-STYLER-C.jpg","contentUrl":"https:\/\/macstylerdz.com\/wp-content\/uploads\/2024\/08\/MAC-STYLER-C.jpg","width":500,"height":500,"caption":"MAC STYLER DZ"},"image":{"@id":"https:\/\/macstylerdz.com\/#\/schema\/logo\/image\/"},"sameAs":["https:\/\/www.facebook.com\/lisseur\/","https:\/\/www.instagram.com\/dzmacshop\/","https:\/\/www.tiktok.com\/@mac..styler"]}]}},"jetpack_sharing_enabled":true,"_links":{"self":[{"href":"https:\/\/macstylerdz.com\/index.php?rest_route=\/wp\/v2\/product\/1747","targetHints":{"allow":["GET"]}}],"collection":[{"href":"https:\/\/macstylerdz.com\/index.php?rest_route=\/wp\/v2\/product"}],"about":[{"href":"https:\/\/macstylerdz.com\/index.php?rest_route=\/wp\/v2\/types\/product"}],"replies":[{"embeddable":true,"href":"https:\/\/macstylerdz.com\/index.php?rest_route=%2Fwp%2Fv2%2Fcomments&post=1747"}],"wp:featuredmedia":[{"embeddable":true,"href":"https:\/\/macstylerdz.com\/index.php?rest_route=\/wp\/v2\/media\/3597"}],"wp:attachment":[{"href":"https:\/\/macstylerdz.com\/index.php?rest_route=%2Fwp%2Fv2%2Fmedia&parent=1747"}],"wp:term":[{"taxonomy":"product_brand","embeddable":true,"href":"https:\/\/macstylerdz.com\/index.php?rest_route=%2Fwp%2Fv2%2Fproduct_brand&post=1747"},{"taxonomy":"product_cat","embeddable":true,"href":"https:\/\/macstylerdz.com\/index.php?rest_route=%2Fwp%2Fv2%2Fproduct_cat&post=1747"},{"taxonomy":"product_tag","embeddable":true,"href":"https:\/\/macstylerdz.com\/index.php?rest_route=%2Fwp%2Fv2%2Fproduct_tag&post=1747"}],"curies":[{"name":"wp","href":"https:\/\/api.w.org\/{rel}","templated":true}]}}