{"id":1331,"date":"2024-06-24T23:34:27","date_gmt":"2024-06-24T23:34:27","guid":{"rendered":"https:\/\/macstylerdz.com\/?post_type=product&#038;p=1331"},"modified":"2026-04-08T10:53:33","modified_gmt":"2026-04-08T10:53:33","slug":"fers-a-boucler-mc-3322","status":"publish","type":"product","link":"https:\/\/macstylerdz.com\/?product=fers-a-boucler-mc-3322","title":{"rendered":"Fer \u00e0 Boucler Triple Wave \/ Fer \u00e0 Onduler &#8211; Boucleur Effet Wavy"},"content":{"rendered":"<div dir=\"auto\">\n<p><a href=\"https:\/\/www.instagram.com\/reel\/DFFNbghNaL5\/\">Fer \u00e0 Boucler Triple Wave<\/a><\/p>\n<p>D\u00e9couvrez le secret de boucles et d&rsquo;ondulations dignes d&rsquo;un salon de coiffure gr\u00e2ce \u00e0 notre fer \u00e0 boucler r\u00e9volutionnaire Triple Wave.<\/p>\n<\/div>\n<p>Obtenez des boucles et des ondulations glamour et sans effort gr\u00e2ce au fer \u00e0 boucler Triple Wave. Les trois cylindres en c\u00e9ramique-tourmaline exploitent le pouvoir des ions n\u00e9gatifs et de la chaleur infrarouge pour hydrater et faire briller vos cheveux, les laissant soyeux, sans frisottis et parfaitement coiff\u00e9s. Avec une temp\u00e9rature r\u00e9glable jusqu&rsquo;\u00e0 230\u00a0\u00b0C, vous pouvez adapter le r\u00e9sultat \u00e0 votre type de cheveux et \u00e0 la coiffure souhait\u00e9e.<\/p>\n<p>\u2022 Trois cylindres en c\u00e9ramique-tourmaline pour des ondulations sublimes et longue tenue<\/p>\n<p>\u2022 Temp\u00e9rature r\u00e9glable jusqu&rsquo;\u00e0 230\u00a0\u00b0C pour un coiffage personnalis\u00e9<\/p>\n<p>\u2022 Embouts thermoprotecteurs et tapis en silicone pour une utilisation s\u00fbre et confortable<\/p>\n<p>\u2022 Arr\u00eat automatique apr\u00e8s 60\u00a0minutes pour une utilisation en toute s\u00e9r\u00e9nit\u00e9<\/p>\n<p>\u2022 Cordon pivotant \u00e0 360\u00b0 pour \u00e9viter les n\u0153uds<\/p>\n","protected":false},"excerpt":{"rendered":"<p>Mod\u00e8le : MC-3322<\/p>\n<ul class=\"a-unordered-list a-vertical a-spacing-mini\">\n<li class=\"a-spacing-mini\">Ins\u00e9rez simplement vos cheveux entre les plaques pour un effet wavy sans effort<\/li>\n<li class=\"a-spacing-mini\">Plaques en c\u00e9ramique pour un r\u00e9sultat brillant et soyeux<\/li>\n<li class=\"a-spacing-mini\">Syst\u00e8me Advanced Ceramics pour une chauffe et une r\u00e9cup\u00e9ration thermique ultra-rapides<\/li>\n<li class=\"a-spacing-mini\">3 temp\u00e9rature de 160\u00b0C \u00e0 230\u00b0C\/450 F<\/li>\n<li class=\"a-spacing-mini\">Comprend un tapis thermor\u00e9sistant<\/li>\n<li class=\"a-spacing-mini\">Diam\u00e8tre du fer Double Professionnel : 22 mm (Triple effet coiffant)<\/li>\n<\/ul>\n","protected":false},"featured_media":4753,"comment_status":"open","ping_status":"closed","template":"","meta":[],"product_brand":[446],"product_cat":[29],"product_tag":[226,286],"class_list":{"0":"post-1331","1":"product","2":"type-product","3":"status-publish","4":"has-post-thumbnail","6":"product_brand-mac-styler-boutique-enligne-acheter","7":"product_cat-boucleurs-gaufreurs","8":"product_tag-boucleur-feraboucler","9":"product_tag-fers-a-boucler-mc-3322","11":"first","12":"instock","13":"taxable","14":"shipping-taxable","15":"purchasable","16":"product-type-simple"},"yoast_head":"<!-- This site is optimized with the Yoast SEO plugin v27.5 - https:\/\/yoast.com\/product\/yoast-seo-wordpress\/ -->\n<title>Fer \u00e0 Boucler Triple Wave \/ Fer \u00e0 Onduler - Boucleur Effet Wavy - MAC STYLER DZ<\/title>\n<meta name=\"description\" content=\"Fer \u00e0 boucler triple wave pour des ondulations wavy parfaites. Obtenez un effet plage naturel en quelques minutes. Id\u00e9al pour cheveux courts et longs.\" \/>\n<meta name=\"robots\" content=\"index, follow, max-snippet:-1, max-image-preview:large, max-video-preview:-1\" \/>\n<link rel=\"canonical\" href=\"https:\/\/macstylerdz.com\/?product=fers-a-boucler-mc-3322\" \/>\n<meta property=\"og:locale\" content=\"fr_FR\" \/>\n<meta property=\"og:type\" content=\"article\" \/>\n<meta property=\"og:title\" content=\"Fer \u00e0 Boucler Triple Wave \/ Fer \u00e0 Onduler - Boucleur Effet Wavy - MAC STYLER DZ\" \/>\n<meta property=\"og:description\" content=\"Fer \u00e0 boucler triple wave pour des ondulations wavy parfaites. Obtenez un effet plage naturel en quelques minutes. Id\u00e9al pour cheveux courts et longs.\" \/>\n<meta property=\"og:url\" content=\"https:\/\/macstylerdz.com\/?product=fers-a-boucler-mc-3322\" \/>\n<meta property=\"og:site_name\" content=\"MAC STYLER DZ\" \/>\n<meta property=\"article:publisher\" content=\"https:\/\/www.facebook.com\/lisseur\/\" \/>\n<meta property=\"article:modified_time\" content=\"2026-04-08T10:53:33+00:00\" \/>\n<meta property=\"og:image\" content=\"https:\/\/macstylerdz.com\/wp-content\/uploads\/2024\/06\/Untitled-design-20.png\" \/>\n\t<meta property=\"og:image:width\" content=\"990\" \/>\n\t<meta property=\"og:image:height\" content=\"867\" \/>\n\t<meta property=\"og:image:type\" content=\"image\/png\" \/>\n<meta name=\"twitter:card\" content=\"summary_large_image\" \/>\n<meta name=\"twitter:label1\" content=\"Dur\u00e9e de lecture estim\u00e9e\" \/>\n\t<meta name=\"twitter:data1\" content=\"1 minute\" \/>\n<script type=\"application\/ld+json\" class=\"yoast-schema-graph\">{\"@context\":\"https:\\\/\\\/schema.org\",\"@graph\":[{\"@type\":\"WebPage\",\"@id\":\"https:\\\/\\\/macstylerdz.com\\\/?product=fers-a-boucler-mc-3322\",\"url\":\"https:\\\/\\\/macstylerdz.com\\\/?product=fers-a-boucler-mc-3322\",\"name\":\"Fer \u00e0 Boucler Triple Wave \\\/ Fer \u00e0 Onduler - Boucleur Effet Wavy - MAC STYLER DZ\",\"isPartOf\":{\"@id\":\"https:\\\/\\\/macstylerdz.com\\\/#website\"},\"primaryImageOfPage\":{\"@id\":\"https:\\\/\\\/macstylerdz.com\\\/?product=fers-a-boucler-mc-3322#primaryimage\"},\"image\":{\"@id\":\"https:\\\/\\\/macstylerdz.com\\\/?product=fers-a-boucler-mc-3322#primaryimage\"},\"thumbnailUrl\":\"https:\\\/\\\/macstylerdz.com\\\/wp-content\\\/uploads\\\/2024\\\/06\\\/Untitled-design-20.png\",\"datePublished\":\"2024-06-24T23:34:27+00:00\",\"dateModified\":\"2026-04-08T10:53:33+00:00\",\"description\":\"Fer \u00e0 boucler triple wave pour des ondulations wavy parfaites. Obtenez un effet plage naturel en quelques minutes. Id\u00e9al pour cheveux courts et longs.\",\"breadcrumb\":{\"@id\":\"https:\\\/\\\/macstylerdz.com\\\/?product=fers-a-boucler-mc-3322#breadcrumb\"},\"inLanguage\":\"fr-FR\",\"potentialAction\":[{\"@type\":\"ReadAction\",\"target\":[\"https:\\\/\\\/macstylerdz.com\\\/?product=fers-a-boucler-mc-3322\"]}]},{\"@type\":\"ImageObject\",\"inLanguage\":\"fr-FR\",\"@id\":\"https:\\\/\\\/macstylerdz.com\\\/?product=fers-a-boucler-mc-3322#primaryimage\",\"url\":\"https:\\\/\\\/macstylerdz.com\\\/wp-content\\\/uploads\\\/2024\\\/06\\\/Untitled-design-20.png\",\"contentUrl\":\"https:\\\/\\\/macstylerdz.com\\\/wp-content\\\/uploads\\\/2024\\\/06\\\/Untitled-design-20.png\",\"width\":990,\"height\":867,\"caption\":\"FER A BOUCLER WAVY\"},{\"@type\":\"BreadcrumbList\",\"@id\":\"https:\\\/\\\/macstylerdz.com\\\/?product=fers-a-boucler-mc-3322#breadcrumb\",\"itemListElement\":[{\"@type\":\"ListItem\",\"position\":1,\"name\":\"Home\",\"item\":\"https:\\\/\\\/macstylerdz.com\\\/\"},{\"@type\":\"ListItem\",\"position\":2,\"name\":\"Products\",\"item\":\"https:\\\/\\\/macstylerdz.com\\\/products\\\/\"},{\"@type\":\"ListItem\",\"position\":3,\"name\":\"Fer \u00e0 Boucler Triple Wave \\\/ Fer \u00e0 Onduler &#8211; Boucleur Effet Wavy\"}]},{\"@type\":\"WebSite\",\"@id\":\"https:\\\/\\\/macstylerdz.com\\\/#website\",\"url\":\"https:\\\/\\\/macstylerdz.com\\\/\",\"name\":\"MAC STYLER DZ\",\"description\":\"Achetez les appareils et les outils de coiffure de la marque Mac Styler sur le site officiel en Alg\u00e9rie.\",\"publisher\":{\"@id\":\"https:\\\/\\\/macstylerdz.com\\\/#organization\"},\"alternateName\":\"macstyler\",\"potentialAction\":[{\"@type\":\"SearchAction\",\"target\":{\"@type\":\"EntryPoint\",\"urlTemplate\":\"https:\\\/\\\/macstylerdz.com\\\/?s={search_term_string}\"},\"query-input\":{\"@type\":\"PropertyValueSpecification\",\"valueRequired\":true,\"valueName\":\"search_term_string\"}}],\"inLanguage\":\"fr-FR\"},{\"@type\":\"Organization\",\"@id\":\"https:\\\/\\\/macstylerdz.com\\\/#organization\",\"name\":\"MAC STYLER DZ\",\"alternateName\":\"MAC STYLER ALGERIE\",\"url\":\"https:\\\/\\\/macstylerdz.com\\\/\",\"logo\":{\"@type\":\"ImageObject\",\"inLanguage\":\"fr-FR\",\"@id\":\"https:\\\/\\\/macstylerdz.com\\\/#\\\/schema\\\/logo\\\/image\\\/\",\"url\":\"https:\\\/\\\/macstylerdz.com\\\/wp-content\\\/uploads\\\/2024\\\/08\\\/MAC-STYLER-C.jpg\",\"contentUrl\":\"https:\\\/\\\/macstylerdz.com\\\/wp-content\\\/uploads\\\/2024\\\/08\\\/MAC-STYLER-C.jpg\",\"width\":500,\"height\":500,\"caption\":\"MAC STYLER DZ\"},\"image\":{\"@id\":\"https:\\\/\\\/macstylerdz.com\\\/#\\\/schema\\\/logo\\\/image\\\/\"},\"sameAs\":[\"https:\\\/\\\/www.facebook.com\\\/lisseur\\\/\",\"https:\\\/\\\/www.instagram.com\\\/dzmacshop\\\/\",\"https:\\\/\\\/www.tiktok.com\\\/@mac..styler\"]}]}<\/script>\n<!-- \/ Yoast SEO plugin. -->","yoast_head_json":{"title":"Fer \u00e0 Boucler Triple Wave \/ Fer \u00e0 Onduler - Boucleur Effet Wavy - MAC STYLER DZ","description":"Fer \u00e0 boucler triple wave pour des ondulations wavy parfaites. Obtenez un effet plage naturel en quelques minutes. Id\u00e9al pour cheveux courts et longs.","robots":{"index":"index","follow":"follow","max-snippet":"max-snippet:-1","max-image-preview":"max-image-preview:large","max-video-preview":"max-video-preview:-1"},"canonical":"https:\/\/macstylerdz.com\/?product=fers-a-boucler-mc-3322","og_locale":"fr_FR","og_type":"article","og_title":"Fer \u00e0 Boucler Triple Wave \/ Fer \u00e0 Onduler - Boucleur Effet Wavy - MAC STYLER DZ","og_description":"Fer \u00e0 boucler triple wave pour des ondulations wavy parfaites. Obtenez un effet plage naturel en quelques minutes. Id\u00e9al pour cheveux courts et longs.","og_url":"https:\/\/macstylerdz.com\/?product=fers-a-boucler-mc-3322","og_site_name":"MAC STYLER DZ","article_publisher":"https:\/\/www.facebook.com\/lisseur\/","article_modified_time":"2026-04-08T10:53:33+00:00","og_image":[{"width":990,"height":867,"url":"https:\/\/macstylerdz.com\/wp-content\/uploads\/2024\/06\/Untitled-design-20.png","type":"image\/png"}],"twitter_card":"summary_large_image","twitter_misc":{"Dur\u00e9e de lecture estim\u00e9e":"1 minute"},"schema":{"@context":"https:\/\/schema.org","@graph":[{"@type":"WebPage","@id":"https:\/\/macstylerdz.com\/?product=fers-a-boucler-mc-3322","url":"https:\/\/macstylerdz.com\/?product=fers-a-boucler-mc-3322","name":"Fer \u00e0 Boucler Triple Wave \/ Fer \u00e0 Onduler - Boucleur Effet Wavy - MAC STYLER DZ","isPartOf":{"@id":"https:\/\/macstylerdz.com\/#website"},"primaryImageOfPage":{"@id":"https:\/\/macstylerdz.com\/?product=fers-a-boucler-mc-3322#primaryimage"},"image":{"@id":"https:\/\/macstylerdz.com\/?product=fers-a-boucler-mc-3322#primaryimage"},"thumbnailUrl":"https:\/\/macstylerdz.com\/wp-content\/uploads\/2024\/06\/Untitled-design-20.png","datePublished":"2024-06-24T23:34:27+00:00","dateModified":"2026-04-08T10:53:33+00:00","description":"Fer \u00e0 boucler triple wave pour des ondulations wavy parfaites. Obtenez un effet plage naturel en quelques minutes. Id\u00e9al pour cheveux courts et longs.","breadcrumb":{"@id":"https:\/\/macstylerdz.com\/?product=fers-a-boucler-mc-3322#breadcrumb"},"inLanguage":"fr-FR","potentialAction":[{"@type":"ReadAction","target":["https:\/\/macstylerdz.com\/?product=fers-a-boucler-mc-3322"]}]},{"@type":"ImageObject","inLanguage":"fr-FR","@id":"https:\/\/macstylerdz.com\/?product=fers-a-boucler-mc-3322#primaryimage","url":"https:\/\/macstylerdz.com\/wp-content\/uploads\/2024\/06\/Untitled-design-20.png","contentUrl":"https:\/\/macstylerdz.com\/wp-content\/uploads\/2024\/06\/Untitled-design-20.png","width":990,"height":867,"caption":"FER A BOUCLER WAVY"},{"@type":"BreadcrumbList","@id":"https:\/\/macstylerdz.com\/?product=fers-a-boucler-mc-3322#breadcrumb","itemListElement":[{"@type":"ListItem","position":1,"name":"Home","item":"https:\/\/macstylerdz.com\/"},{"@type":"ListItem","position":2,"name":"Products","item":"https:\/\/macstylerdz.com\/products\/"},{"@type":"ListItem","position":3,"name":"Fer \u00e0 Boucler Triple Wave \/ Fer \u00e0 Onduler &#8211; Boucleur Effet Wavy"}]},{"@type":"WebSite","@id":"https:\/\/macstylerdz.com\/#website","url":"https:\/\/macstylerdz.com\/","name":"MAC STYLER DZ","description":"Achetez les appareils et les outils de coiffure de la marque Mac Styler sur le site officiel en Alg\u00e9rie.","publisher":{"@id":"https:\/\/macstylerdz.com\/#organization"},"alternateName":"macstyler","potentialAction":[{"@type":"SearchAction","target":{"@type":"EntryPoint","urlTemplate":"https:\/\/macstylerdz.com\/?s={search_term_string}"},"query-input":{"@type":"PropertyValueSpecification","valueRequired":true,"valueName":"search_term_string"}}],"inLanguage":"fr-FR"},{"@type":"Organization","@id":"https:\/\/macstylerdz.com\/#organization","name":"MAC STYLER DZ","alternateName":"MAC STYLER ALGERIE","url":"https:\/\/macstylerdz.com\/","logo":{"@type":"ImageObject","inLanguage":"fr-FR","@id":"https:\/\/macstylerdz.com\/#\/schema\/logo\/image\/","url":"https:\/\/macstylerdz.com\/wp-content\/uploads\/2024\/08\/MAC-STYLER-C.jpg","contentUrl":"https:\/\/macstylerdz.com\/wp-content\/uploads\/2024\/08\/MAC-STYLER-C.jpg","width":500,"height":500,"caption":"MAC STYLER DZ"},"image":{"@id":"https:\/\/macstylerdz.com\/#\/schema\/logo\/image\/"},"sameAs":["https:\/\/www.facebook.com\/lisseur\/","https:\/\/www.instagram.com\/dzmacshop\/","https:\/\/www.tiktok.com\/@mac..styler"]}]}},"jetpack_sharing_enabled":true,"_links":{"self":[{"href":"https:\/\/macstylerdz.com\/index.php?rest_route=\/wp\/v2\/product\/1331","targetHints":{"allow":["GET"]}}],"collection":[{"href":"https:\/\/macstylerdz.com\/index.php?rest_route=\/wp\/v2\/product"}],"about":[{"href":"https:\/\/macstylerdz.com\/index.php?rest_route=\/wp\/v2\/types\/product"}],"replies":[{"embeddable":true,"href":"https:\/\/macstylerdz.com\/index.php?rest_route=%2Fwp%2Fv2%2Fcomments&post=1331"}],"wp:featuredmedia":[{"embeddable":true,"href":"https:\/\/macstylerdz.com\/index.php?rest_route=\/wp\/v2\/media\/4753"}],"wp:attachment":[{"href":"https:\/\/macstylerdz.com\/index.php?rest_route=%2Fwp%2Fv2%2Fmedia&parent=1331"}],"wp:term":[{"taxonomy":"product_brand","embeddable":true,"href":"https:\/\/macstylerdz.com\/index.php?rest_route=%2Fwp%2Fv2%2Fproduct_brand&post=1331"},{"taxonomy":"product_cat","embeddable":true,"href":"https:\/\/macstylerdz.com\/index.php?rest_route=%2Fwp%2Fv2%2Fproduct_cat&post=1331"},{"taxonomy":"product_tag","embeddable":true,"href":"https:\/\/macstylerdz.com\/index.php?rest_route=%2Fwp%2Fv2%2Fproduct_tag&post=1331"}],"curies":[{"name":"wp","href":"https:\/\/api.w.org\/{rel}","templated":true}]}}