{"id":1330,"date":"2024-06-24T23:34:26","date_gmt":"2024-06-24T23:34:26","guid":{"rendered":"https:\/\/macstylerdz.com\/?post_type=product&#038;p=1330"},"modified":"2026-04-08T10:53:36","modified_gmt":"2026-04-08T10:53:36","slug":"fers-a-boucler-mc-3311","status":"publish","type":"product","link":"https:\/\/macstylerdz.com\/?product=fers-a-boucler-mc-3311","title":{"rendered":"Fer \u00e0 Boucler Triple Wave \/ Fer \u00e0 Onduler &#8211; Boucleur Effet Wavy"},"content":{"rendered":"<p><a href=\"https:\/\/www.instagram.com\/reel\/DRP9V6ljEzI\/\">Fer \u00e0 Boucler Triple Wave \/ Fer \u00e0 Onduler &#8211; Boucleur Effet Wavy<\/a><\/p>\n<p>Que vous recherchiez des ondulations r\u00e9tro des ann\u00e9es 1920 ou les boucles inspir\u00e9es des d\u00e9fil\u00e9s, le fer \u00e0 boucler Triple Wave vous permet de r\u00e9aliser des coiffures dignes d&rsquo;un salon de coiffure, chez vous. Sublimez votre routine beaut\u00e9 et gagnez en confiance gr\u00e2ce \u00e0 cet outil de coiffage polyvalent. Ses embouts thermoprotecteurs et son tapis en silicone garantissent une utilisation s\u00fbre et confortable, tandis que l&rsquo;arr\u00eat automatique vous offre une tranquillit\u00e9 d&rsquo;esprit. Red\u00e9couvrez le plaisir de vous coiffer avec le fer \u00e0 boucler Triple Wave.<\/p>\n<p>\u2022 Trois cylindres en c\u00e9ramique-tourmaline pour des ondulations sublimes et longue tenue<\/p>\n<p>\u2022 Temp\u00e9rature r\u00e9glable jusqu\u2019\u00e0 230\u00a0\u00b0C pour un coiffage personnalis\u00e9<\/p>\n<p>\u2022 Embouts thermoprotecteurs et tapis en silicone pour une utilisation s\u00fbre et confortable<\/p>\n<p>\u2022 Arr\u00eat automatique apr\u00e8s 60\u00a0minutes pour une utilisation en toute s\u00e9r\u00e9nit\u00e9<\/p>\n<p>\u2022 Cordon pivotant \u00e0 360\u00b0 pour \u00e9viter les n\u0153uds<\/p>\n","protected":false},"excerpt":{"rendered":"<p>Mod\u00e8le : MC-3311<\/p>\n<ul class=\"a-unordered-list a-vertical a-spacing-mini\">\n<li class=\"a-spacing-mini\">Ins\u00e9rez simplement vos cheveux entre les plaques pour un effet wavy sans effort<\/li>\n<li class=\"a-spacing-mini\">Plaques en c\u00e9ramique pour un r\u00e9sultat brillant et soyeux<\/li>\n<li class=\"a-spacing-mini\">Syst\u00e8me Advanced Ceramics pour une chauffe et une r\u00e9cup\u00e9ration thermique ultra-rapides<\/li>\n<li class=\"a-spacing-mini\">3 temp\u00e9rature de 160\u00b0C \u00e0 230\u00b0C\/450 F<\/li>\n<li class=\"a-spacing-mini\">Comprend un tapis thermor\u00e9sistant<\/li>\n<li class=\"a-spacing-mini\">Diam\u00e8tre du fer Double Professionnel : 22 mm (Triple effet coiffant)<\/li>\n<\/ul>\n","protected":false},"featured_media":4755,"comment_status":"open","ping_status":"closed","template":"","meta":[],"product_brand":[],"product_cat":[29],"product_tag":[226],"class_list":{"0":"post-1330","1":"product","2":"type-product","3":"status-publish","4":"has-post-thumbnail","6":"product_cat-boucleurs-gaufreurs","7":"product_tag-boucleur-feraboucler","9":"first","10":"instock","11":"taxable","12":"shipping-taxable","13":"purchasable","14":"product-type-simple"},"yoast_head":"<!-- This site is optimized with the Yoast SEO plugin v27.5 - https:\/\/yoast.com\/product\/yoast-seo-wordpress\/ -->\n<title>Fer \u00e0 Boucler Triple Wave \/ Fer \u00e0 Onduler - Boucleur Effet Wavy - MAC STYLER DZ<\/title>\n<meta name=\"description\" content=\"Cr\u00e9ez un effet wavy tendance avec ce fer \u00e0 onduler triple wave. Chauffe rapide, r\u00e9sultats professionnels \u00e0 la maison. Livraison en Alg\u00e9rie \ud83c\udde9\ud83c\uddff.\" \/>\n<meta name=\"robots\" content=\"index, follow, max-snippet:-1, max-image-preview:large, max-video-preview:-1\" \/>\n<link rel=\"canonical\" href=\"https:\/\/macstylerdz.com\/produit\/fers-a-boucler-mc-3311\/\" \/>\n<meta property=\"og:locale\" content=\"fr_FR\" \/>\n<meta property=\"og:type\" content=\"article\" \/>\n<meta property=\"og:title\" content=\"Fer \u00e0 Boucler Triple Wave \/ Fer \u00e0 Onduler - Boucleur Effet Wavy - MAC STYLER DZ\" \/>\n<meta property=\"og:description\" content=\"Cr\u00e9ez un effet wavy tendance avec ce fer \u00e0 onduler triple wave. Chauffe rapide, r\u00e9sultats professionnels \u00e0 la maison. Livraison en Alg\u00e9rie \ud83c\udde9\ud83c\uddff.\" \/>\n<meta property=\"og:url\" content=\"https:\/\/macstylerdz.com\/produit\/fers-a-boucler-mc-3311\/\" \/>\n<meta property=\"og:site_name\" content=\"MAC STYLER DZ\" \/>\n<meta property=\"article:publisher\" content=\"https:\/\/www.facebook.com\/lisseur\/\" \/>\n<meta property=\"article:modified_time\" content=\"2026-04-08T10:53:36+00:00\" \/>\n<meta property=\"og:image\" content=\"https:\/\/macstylerdz.com\/wp-content\/uploads\/2024\/06\/Untitled-design-19.png\" \/>\n\t<meta property=\"og:image:width\" content=\"990\" \/>\n\t<meta property=\"og:image:height\" content=\"867\" \/>\n\t<meta property=\"og:image:type\" content=\"image\/png\" \/>\n<meta name=\"twitter:card\" content=\"summary_large_image\" \/>\n<meta name=\"twitter:label1\" content=\"Dur\u00e9e de lecture estim\u00e9e\" \/>\n\t<meta name=\"twitter:data1\" content=\"1 minute\" \/>\n<script type=\"application\/ld+json\" class=\"yoast-schema-graph\">{\"@context\":\"https:\\\/\\\/schema.org\",\"@graph\":[{\"@type\":\"WebPage\",\"@id\":\"https:\\\/\\\/macstylerdz.com\\\/produit\\\/fers-a-boucler-mc-3311\\\/\",\"url\":\"https:\\\/\\\/macstylerdz.com\\\/produit\\\/fers-a-boucler-mc-3311\\\/\",\"name\":\"Fer \u00e0 Boucler Triple Wave \\\/ Fer \u00e0 Onduler - Boucleur Effet Wavy - MAC STYLER DZ\",\"isPartOf\":{\"@id\":\"https:\\\/\\\/macstylerdz.com\\\/#website\"},\"primaryImageOfPage\":{\"@id\":\"https:\\\/\\\/macstylerdz.com\\\/produit\\\/fers-a-boucler-mc-3311\\\/#primaryimage\"},\"image\":{\"@id\":\"https:\\\/\\\/macstylerdz.com\\\/produit\\\/fers-a-boucler-mc-3311\\\/#primaryimage\"},\"thumbnailUrl\":\"https:\\\/\\\/macstylerdz.com\\\/wp-content\\\/uploads\\\/2024\\\/06\\\/Untitled-design-19.png\",\"datePublished\":\"2024-06-24T23:34:26+00:00\",\"dateModified\":\"2026-04-08T10:53:36+00:00\",\"description\":\"Cr\u00e9ez un effet wavy tendance avec ce fer \u00e0 onduler triple wave. Chauffe rapide, r\u00e9sultats professionnels \u00e0 la maison. Livraison en Alg\u00e9rie \ud83c\udde9\ud83c\uddff.\",\"breadcrumb\":{\"@id\":\"https:\\\/\\\/macstylerdz.com\\\/produit\\\/fers-a-boucler-mc-3311\\\/#breadcrumb\"},\"inLanguage\":\"fr-FR\",\"potentialAction\":[{\"@type\":\"ReadAction\",\"target\":[\"https:\\\/\\\/macstylerdz.com\\\/produit\\\/fers-a-boucler-mc-3311\\\/\"]}]},{\"@type\":\"ImageObject\",\"inLanguage\":\"fr-FR\",\"@id\":\"https:\\\/\\\/macstylerdz.com\\\/produit\\\/fers-a-boucler-mc-3311\\\/#primaryimage\",\"url\":\"https:\\\/\\\/macstylerdz.com\\\/wp-content\\\/uploads\\\/2024\\\/06\\\/Untitled-design-19.png\",\"contentUrl\":\"https:\\\/\\\/macstylerdz.com\\\/wp-content\\\/uploads\\\/2024\\\/06\\\/Untitled-design-19.png\",\"width\":990,\"height\":867,\"caption\":\"WAVY BOUCLEUR\"},{\"@type\":\"BreadcrumbList\",\"@id\":\"https:\\\/\\\/macstylerdz.com\\\/produit\\\/fers-a-boucler-mc-3311\\\/#breadcrumb\",\"itemListElement\":[{\"@type\":\"ListItem\",\"position\":1,\"name\":\"Home\",\"item\":\"https:\\\/\\\/macstylerdz.com\\\/\"},{\"@type\":\"ListItem\",\"position\":2,\"name\":\"SHOP\",\"item\":\"https:\\\/\\\/macstylerdz.com\\\/\"},{\"@type\":\"ListItem\",\"position\":3,\"name\":\"Fer \u00e0 Boucler Triple Wave \\\/ Fer \u00e0 Onduler &#8211; Boucleur Effet Wavy\"}]},{\"@type\":\"WebSite\",\"@id\":\"https:\\\/\\\/macstylerdz.com\\\/#website\",\"url\":\"https:\\\/\\\/macstylerdz.com\\\/\",\"name\":\"MAC STYLER DZ\",\"description\":\"Achetez les appareils et les outils de coiffure de la marque Mac Styler sur le site officiel en Alg\u00e9rie.\",\"publisher\":{\"@id\":\"https:\\\/\\\/macstylerdz.com\\\/#organization\"},\"alternateName\":\"macstyler\",\"potentialAction\":[{\"@type\":\"SearchAction\",\"target\":{\"@type\":\"EntryPoint\",\"urlTemplate\":\"https:\\\/\\\/macstylerdz.com\\\/?s={search_term_string}\"},\"query-input\":{\"@type\":\"PropertyValueSpecification\",\"valueRequired\":true,\"valueName\":\"search_term_string\"}}],\"inLanguage\":\"fr-FR\"},{\"@type\":\"Organization\",\"@id\":\"https:\\\/\\\/macstylerdz.com\\\/#organization\",\"name\":\"MAC STYLER DZ\",\"alternateName\":\"MAC STYLER ALGERIE\",\"url\":\"https:\\\/\\\/macstylerdz.com\\\/\",\"logo\":{\"@type\":\"ImageObject\",\"inLanguage\":\"fr-FR\",\"@id\":\"https:\\\/\\\/macstylerdz.com\\\/#\\\/schema\\\/logo\\\/image\\\/\",\"url\":\"https:\\\/\\\/macstylerdz.com\\\/wp-content\\\/uploads\\\/2024\\\/08\\\/MAC-STYLER-C.jpg\",\"contentUrl\":\"https:\\\/\\\/macstylerdz.com\\\/wp-content\\\/uploads\\\/2024\\\/08\\\/MAC-STYLER-C.jpg\",\"width\":500,\"height\":500,\"caption\":\"MAC STYLER DZ\"},\"image\":{\"@id\":\"https:\\\/\\\/macstylerdz.com\\\/#\\\/schema\\\/logo\\\/image\\\/\"},\"sameAs\":[\"https:\\\/\\\/www.facebook.com\\\/lisseur\\\/\",\"https:\\\/\\\/www.instagram.com\\\/dzmacshop\\\/\",\"https:\\\/\\\/www.tiktok.com\\\/@mac..styler\"]}]}<\/script>\n<!-- \/ Yoast SEO plugin. -->","yoast_head_json":{"title":"Fer \u00e0 Boucler Triple Wave \/ Fer \u00e0 Onduler - Boucleur Effet Wavy - MAC STYLER DZ","description":"Cr\u00e9ez un effet wavy tendance avec ce fer \u00e0 onduler triple wave. Chauffe rapide, r\u00e9sultats professionnels \u00e0 la maison. Livraison en Alg\u00e9rie \ud83c\udde9\ud83c\uddff.","robots":{"index":"index","follow":"follow","max-snippet":"max-snippet:-1","max-image-preview":"max-image-preview:large","max-video-preview":"max-video-preview:-1"},"canonical":"https:\/\/macstylerdz.com\/produit\/fers-a-boucler-mc-3311\/","og_locale":"fr_FR","og_type":"article","og_title":"Fer \u00e0 Boucler Triple Wave \/ Fer \u00e0 Onduler - Boucleur Effet Wavy - MAC STYLER DZ","og_description":"Cr\u00e9ez un effet wavy tendance avec ce fer \u00e0 onduler triple wave. Chauffe rapide, r\u00e9sultats professionnels \u00e0 la maison. Livraison en Alg\u00e9rie \ud83c\udde9\ud83c\uddff.","og_url":"https:\/\/macstylerdz.com\/produit\/fers-a-boucler-mc-3311\/","og_site_name":"MAC STYLER DZ","article_publisher":"https:\/\/www.facebook.com\/lisseur\/","article_modified_time":"2026-04-08T10:53:36+00:00","og_image":[{"width":990,"height":867,"url":"https:\/\/macstylerdz.com\/wp-content\/uploads\/2024\/06\/Untitled-design-19.png","type":"image\/png"}],"twitter_card":"summary_large_image","twitter_misc":{"Dur\u00e9e de lecture estim\u00e9e":"1 minute"},"schema":{"@context":"https:\/\/schema.org","@graph":[{"@type":"WebPage","@id":"https:\/\/macstylerdz.com\/produit\/fers-a-boucler-mc-3311\/","url":"https:\/\/macstylerdz.com\/produit\/fers-a-boucler-mc-3311\/","name":"Fer \u00e0 Boucler Triple Wave \/ Fer \u00e0 Onduler - Boucleur Effet Wavy - MAC STYLER DZ","isPartOf":{"@id":"https:\/\/macstylerdz.com\/#website"},"primaryImageOfPage":{"@id":"https:\/\/macstylerdz.com\/produit\/fers-a-boucler-mc-3311\/#primaryimage"},"image":{"@id":"https:\/\/macstylerdz.com\/produit\/fers-a-boucler-mc-3311\/#primaryimage"},"thumbnailUrl":"https:\/\/macstylerdz.com\/wp-content\/uploads\/2024\/06\/Untitled-design-19.png","datePublished":"2024-06-24T23:34:26+00:00","dateModified":"2026-04-08T10:53:36+00:00","description":"Cr\u00e9ez un effet wavy tendance avec ce fer \u00e0 onduler triple wave. Chauffe rapide, r\u00e9sultats professionnels \u00e0 la maison. Livraison en Alg\u00e9rie \ud83c\udde9\ud83c\uddff.","breadcrumb":{"@id":"https:\/\/macstylerdz.com\/produit\/fers-a-boucler-mc-3311\/#breadcrumb"},"inLanguage":"fr-FR","potentialAction":[{"@type":"ReadAction","target":["https:\/\/macstylerdz.com\/produit\/fers-a-boucler-mc-3311\/"]}]},{"@type":"ImageObject","inLanguage":"fr-FR","@id":"https:\/\/macstylerdz.com\/produit\/fers-a-boucler-mc-3311\/#primaryimage","url":"https:\/\/macstylerdz.com\/wp-content\/uploads\/2024\/06\/Untitled-design-19.png","contentUrl":"https:\/\/macstylerdz.com\/wp-content\/uploads\/2024\/06\/Untitled-design-19.png","width":990,"height":867,"caption":"WAVY BOUCLEUR"},{"@type":"BreadcrumbList","@id":"https:\/\/macstylerdz.com\/produit\/fers-a-boucler-mc-3311\/#breadcrumb","itemListElement":[{"@type":"ListItem","position":1,"name":"Home","item":"https:\/\/macstylerdz.com\/"},{"@type":"ListItem","position":2,"name":"SHOP","item":"https:\/\/macstylerdz.com\/"},{"@type":"ListItem","position":3,"name":"Fer \u00e0 Boucler Triple Wave \/ Fer \u00e0 Onduler &#8211; Boucleur Effet Wavy"}]},{"@type":"WebSite","@id":"https:\/\/macstylerdz.com\/#website","url":"https:\/\/macstylerdz.com\/","name":"MAC STYLER DZ","description":"Achetez les appareils et les outils de coiffure de la marque Mac Styler sur le site officiel en Alg\u00e9rie.","publisher":{"@id":"https:\/\/macstylerdz.com\/#organization"},"alternateName":"macstyler","potentialAction":[{"@type":"SearchAction","target":{"@type":"EntryPoint","urlTemplate":"https:\/\/macstylerdz.com\/?s={search_term_string}"},"query-input":{"@type":"PropertyValueSpecification","valueRequired":true,"valueName":"search_term_string"}}],"inLanguage":"fr-FR"},{"@type":"Organization","@id":"https:\/\/macstylerdz.com\/#organization","name":"MAC STYLER DZ","alternateName":"MAC STYLER ALGERIE","url":"https:\/\/macstylerdz.com\/","logo":{"@type":"ImageObject","inLanguage":"fr-FR","@id":"https:\/\/macstylerdz.com\/#\/schema\/logo\/image\/","url":"https:\/\/macstylerdz.com\/wp-content\/uploads\/2024\/08\/MAC-STYLER-C.jpg","contentUrl":"https:\/\/macstylerdz.com\/wp-content\/uploads\/2024\/08\/MAC-STYLER-C.jpg","width":500,"height":500,"caption":"MAC STYLER DZ"},"image":{"@id":"https:\/\/macstylerdz.com\/#\/schema\/logo\/image\/"},"sameAs":["https:\/\/www.facebook.com\/lisseur\/","https:\/\/www.instagram.com\/dzmacshop\/","https:\/\/www.tiktok.com\/@mac..styler"]}]}},"_links":{"self":[{"href":"https:\/\/macstylerdz.com\/index.php?rest_route=\/wp\/v2\/product\/1330","targetHints":{"allow":["GET"]}}],"collection":[{"href":"https:\/\/macstylerdz.com\/index.php?rest_route=\/wp\/v2\/product"}],"about":[{"href":"https:\/\/macstylerdz.com\/index.php?rest_route=\/wp\/v2\/types\/product"}],"replies":[{"embeddable":true,"href":"https:\/\/macstylerdz.com\/index.php?rest_route=%2Fwp%2Fv2%2Fcomments&post=1330"}],"wp:featuredmedia":[{"embeddable":true,"href":"https:\/\/macstylerdz.com\/index.php?rest_route=\/wp\/v2\/media\/4755"}],"wp:attachment":[{"href":"https:\/\/macstylerdz.com\/index.php?rest_route=%2Fwp%2Fv2%2Fmedia&parent=1330"}],"wp:term":[{"taxonomy":"product_brand","embeddable":true,"href":"https:\/\/macstylerdz.com\/index.php?rest_route=%2Fwp%2Fv2%2Fproduct_brand&post=1330"},{"taxonomy":"product_cat","embeddable":true,"href":"https:\/\/macstylerdz.com\/index.php?rest_route=%2Fwp%2Fv2%2Fproduct_cat&post=1330"},{"taxonomy":"product_tag","embeddable":true,"href":"https:\/\/macstylerdz.com\/index.php?rest_route=%2Fwp%2Fv2%2Fproduct_tag&post=1330"}],"curies":[{"name":"wp","href":"https:\/\/api.w.org\/{rel}","templated":true}]}}