{"id":1181,"date":"2024-06-24T23:32:26","date_gmt":"2024-06-24T23:32:26","guid":{"rendered":"https:\/\/macstylerdz.com\/?post_type=product&#038;p=1181"},"modified":"2026-02-27T00:37:38","modified_gmt":"2026-02-27T00:37:38","slug":"fers-a-lisser-mc-5532","status":"publish","type":"product","link":"https:\/\/macstylerdz.com\/?product=fers-a-lisser-mc-5532","title":{"rendered":"Fer \u00e0 Lisser professionnel en Titane 480 F\u00b0- Ecran LCD"},"content":{"rendered":"<div dir=\"auto\">\n<div dir=\"auto\">\n<ul>\n<li><b>Lisseur BEATY SALON 480 F\u00a0<\/b>\n<p>Le lisseur offre des plaques titanuim ultra douces au toucher pour un maximum de protection et permet une mise en temp\u00e9rature imm\u00e9diate et stable tout au long du coiffage.Cet appareil convient \u00e0 tous les types de cheveux.<\/p>\n<p>Plaques:<\/p>\n<p>Plaques Le lisseur est \u00e9quip\u00e9 de plaques titanium flottantes qui s&rsquo;adaptent \u00e0 chaque \u00e9paisseur de m\u00e8che pour une meilleure pression d\u00e8s la racine. Elles sont\u00a0 r\u00e9sistantes \u00a0\u00e0 la corrosion et \u00e0 l&rsquo;abrasion pour une dur\u00e9e de vie du lisseur prolong\u00e9e.<\/p>\n<p>Temp\u00e9rature :<\/p>\n<p>La temp\u00e9rature r\u00e9glable de\u00a0 150 F \u00e0 480 F par \u00e9cran LCD \u00a0permet une longue tenue de votre coiffure. A vous de r\u00e9gler la temp\u00e9rature selon la nature de vos cheveux ou du r\u00e9sultat souhait\u00e9.<\/p>\n<p>Le temps de chauffe est ultra rapide puisque l&rsquo;appareil est\u00a0 pr\u00eat en 15 secondes.<\/li>\n<\/ul>\n<\/div>\n<\/div>\n","protected":false},"excerpt":{"rendered":"<p>Mod\u00e8le : MC-5532<\/p>\n<ul>\n<li>Plaques Mati\u00e8re: Titane<\/li>\n<li>Affichage de la temp\u00e9rature: Num\u00e9rique<\/li>\n<li>R\u00e9glage de la temp\u00e9rature: Bouton<\/li>\n<li>Temp\u00e9rature maximale: 480 F<\/li>\n<li>Temp\u00e9rature minimum: 150 F<\/li>\n<li>Couleur: NOIR<\/li>\n<li>Plaques flottantes: Oui<\/li>\n<li>Temps de chauffe: 20 sec.<\/li>\n<li>Taille du fer \u00e0 lisser: Normale<\/li>\n<li>Cordon rotatif: Oui<\/li>\n<li>Cordon d&rsquo;attache: Oui<\/li>\n<li>Mise en veille automatique: Oui<\/li>\n<\/ul>\n","protected":false},"featured_media":3561,"comment_status":"open","ping_status":"closed","template":"","meta":[],"product_brand":[446],"product_cat":[28],"product_tag":[],"class_list":{"0":"post-1181","1":"product","2":"type-product","3":"status-publish","4":"has-post-thumbnail","6":"product_brand-mac-styler-boutique-enligne-acheter","7":"product_cat-lisseurs","9":"first","10":"instock","11":"taxable","12":"shipping-taxable","13":"purchasable","14":"product-type-simple"},"yoast_head":"<!-- This site is optimized with the Yoast SEO plugin v27.5 - https:\/\/yoast.com\/product\/yoast-seo-wordpress\/ -->\n<title>Fer \u00e0 Lisser professionnel en Titane 480 F\u00b0- Ecran LCD - MAC STYLER DZ<\/title>\n<meta name=\"robots\" content=\"index, follow, max-snippet:-1, max-image-preview:large, max-video-preview:-1\" \/>\n<link rel=\"canonical\" href=\"https:\/\/macstylerdz.com\/produit\/fers-a-lisser-mc-5532\/\" \/>\n<meta property=\"og:locale\" content=\"fr_FR\" \/>\n<meta property=\"og:type\" content=\"article\" \/>\n<meta property=\"og:title\" content=\"Fer \u00e0 Lisser professionnel en Titane 480 F\u00b0- Ecran LCD - MAC STYLER DZ\" \/>\n<meta property=\"og:description\" content=\"Mod\u00e8le : MC-5532   Plaques Mati\u00e8re: Titane  Affichage de la temp\u00e9rature: Num\u00e9rique  R\u00e9glage de la temp\u00e9rature: Bouton  Temp\u00e9rature maximale: 480 F  Temp\u00e9rature minimum: 150 F  Couleur: NOIR  Plaques flottantes: Oui  Temps de chauffe: 20 sec.  Taille du fer \u00e0 lisser: Normale  Cordon rotatif: Oui  Cordon d&#039;attache: Oui  Mise en veille automatique: Oui\" \/>\n<meta property=\"og:url\" content=\"https:\/\/macstylerdz.com\/produit\/fers-a-lisser-mc-5532\/\" \/>\n<meta property=\"og:site_name\" content=\"MAC STYLER DZ\" \/>\n<meta property=\"article:publisher\" content=\"https:\/\/www.facebook.com\/lisseur\/\" \/>\n<meta property=\"article:modified_time\" content=\"2026-02-27T00:37:38+00:00\" \/>\n<meta property=\"og:image\" content=\"https:\/\/macstylerdz.com\/wp-content\/uploads\/2024\/06\/Hb2b430b8f4ee4b1e8099f7d8b34d7fddC.jpg\" \/>\n\t<meta property=\"og:image:width\" content=\"750\" \/>\n\t<meta property=\"og:image:height\" content=\"800\" \/>\n\t<meta property=\"og:image:type\" content=\"image\/jpeg\" \/>\n<meta name=\"twitter:card\" content=\"summary_large_image\" \/>\n<meta name=\"twitter:label1\" content=\"Dur\u00e9e de lecture estim\u00e9e\" \/>\n\t<meta name=\"twitter:data1\" content=\"1 minute\" \/>\n<script type=\"application\/ld+json\" class=\"yoast-schema-graph\">{\"@context\":\"https:\\\/\\\/schema.org\",\"@graph\":[{\"@type\":\"WebPage\",\"@id\":\"https:\\\/\\\/macstylerdz.com\\\/produit\\\/fers-a-lisser-mc-5532\\\/\",\"url\":\"https:\\\/\\\/macstylerdz.com\\\/produit\\\/fers-a-lisser-mc-5532\\\/\",\"name\":\"Fer \u00e0 Lisser professionnel en Titane 480 F\u00b0- Ecran LCD - MAC STYLER DZ\",\"isPartOf\":{\"@id\":\"https:\\\/\\\/macstylerdz.com\\\/#website\"},\"primaryImageOfPage\":{\"@id\":\"https:\\\/\\\/macstylerdz.com\\\/produit\\\/fers-a-lisser-mc-5532\\\/#primaryimage\"},\"image\":{\"@id\":\"https:\\\/\\\/macstylerdz.com\\\/produit\\\/fers-a-lisser-mc-5532\\\/#primaryimage\"},\"thumbnailUrl\":\"https:\\\/\\\/macstylerdz.com\\\/wp-content\\\/uploads\\\/2024\\\/06\\\/Hb2b430b8f4ee4b1e8099f7d8b34d7fddC.jpg\",\"datePublished\":\"2024-06-24T23:32:26+00:00\",\"dateModified\":\"2026-02-27T00:37:38+00:00\",\"breadcrumb\":{\"@id\":\"https:\\\/\\\/macstylerdz.com\\\/produit\\\/fers-a-lisser-mc-5532\\\/#breadcrumb\"},\"inLanguage\":\"fr-FR\",\"potentialAction\":[{\"@type\":\"ReadAction\",\"target\":[\"https:\\\/\\\/macstylerdz.com\\\/produit\\\/fers-a-lisser-mc-5532\\\/\"]}]},{\"@type\":\"ImageObject\",\"inLanguage\":\"fr-FR\",\"@id\":\"https:\\\/\\\/macstylerdz.com\\\/produit\\\/fers-a-lisser-mc-5532\\\/#primaryimage\",\"url\":\"https:\\\/\\\/macstylerdz.com\\\/wp-content\\\/uploads\\\/2024\\\/06\\\/Hb2b430b8f4ee4b1e8099f7d8b34d7fddC.jpg\",\"contentUrl\":\"https:\\\/\\\/macstylerdz.com\\\/wp-content\\\/uploads\\\/2024\\\/06\\\/Hb2b430b8f4ee4b1e8099f7d8b34d7fddC.jpg\",\"width\":750,\"height\":800},{\"@type\":\"BreadcrumbList\",\"@id\":\"https:\\\/\\\/macstylerdz.com\\\/produit\\\/fers-a-lisser-mc-5532\\\/#breadcrumb\",\"itemListElement\":[{\"@type\":\"ListItem\",\"position\":1,\"name\":\"Home\",\"item\":\"https:\\\/\\\/macstylerdz.com\\\/\"},{\"@type\":\"ListItem\",\"position\":2,\"name\":\"SHOP\",\"item\":\"https:\\\/\\\/macstylerdz.com\\\/\"},{\"@type\":\"ListItem\",\"position\":3,\"name\":\"Fer \u00e0 Lisser professionnel en Titane 480 F\u00b0- Ecran LCD\"}]},{\"@type\":\"WebSite\",\"@id\":\"https:\\\/\\\/macstylerdz.com\\\/#website\",\"url\":\"https:\\\/\\\/macstylerdz.com\\\/\",\"name\":\"MAC STYLER DZ\",\"description\":\"Achetez les appareils et les outils de coiffure de la marque Mac Styler sur le site officiel en Alg\u00e9rie.\",\"publisher\":{\"@id\":\"https:\\\/\\\/macstylerdz.com\\\/#organization\"},\"alternateName\":\"macstyler\",\"potentialAction\":[{\"@type\":\"SearchAction\",\"target\":{\"@type\":\"EntryPoint\",\"urlTemplate\":\"https:\\\/\\\/macstylerdz.com\\\/?s={search_term_string}\"},\"query-input\":{\"@type\":\"PropertyValueSpecification\",\"valueRequired\":true,\"valueName\":\"search_term_string\"}}],\"inLanguage\":\"fr-FR\"},{\"@type\":\"Organization\",\"@id\":\"https:\\\/\\\/macstylerdz.com\\\/#organization\",\"name\":\"MAC STYLER DZ\",\"alternateName\":\"MAC STYLER ALGERIE\",\"url\":\"https:\\\/\\\/macstylerdz.com\\\/\",\"logo\":{\"@type\":\"ImageObject\",\"inLanguage\":\"fr-FR\",\"@id\":\"https:\\\/\\\/macstylerdz.com\\\/#\\\/schema\\\/logo\\\/image\\\/\",\"url\":\"https:\\\/\\\/macstylerdz.com\\\/wp-content\\\/uploads\\\/2024\\\/08\\\/MAC-STYLER-C.jpg\",\"contentUrl\":\"https:\\\/\\\/macstylerdz.com\\\/wp-content\\\/uploads\\\/2024\\\/08\\\/MAC-STYLER-C.jpg\",\"width\":500,\"height\":500,\"caption\":\"MAC STYLER DZ\"},\"image\":{\"@id\":\"https:\\\/\\\/macstylerdz.com\\\/#\\\/schema\\\/logo\\\/image\\\/\"},\"sameAs\":[\"https:\\\/\\\/www.facebook.com\\\/lisseur\\\/\",\"https:\\\/\\\/www.instagram.com\\\/dzmacshop\\\/\",\"https:\\\/\\\/www.tiktok.com\\\/@mac..styler\"]}]}<\/script>\n<!-- \/ Yoast SEO plugin. -->","yoast_head_json":{"title":"Fer \u00e0 Lisser professionnel en Titane 480 F\u00b0- Ecran LCD - MAC STYLER DZ","robots":{"index":"index","follow":"follow","max-snippet":"max-snippet:-1","max-image-preview":"max-image-preview:large","max-video-preview":"max-video-preview:-1"},"canonical":"https:\/\/macstylerdz.com\/produit\/fers-a-lisser-mc-5532\/","og_locale":"fr_FR","og_type":"article","og_title":"Fer \u00e0 Lisser professionnel en Titane 480 F\u00b0- Ecran LCD - MAC STYLER DZ","og_description":"Mod\u00e8le : MC-5532   Plaques Mati\u00e8re: Titane  Affichage de la temp\u00e9rature: Num\u00e9rique  R\u00e9glage de la temp\u00e9rature: Bouton  Temp\u00e9rature maximale: 480 F  Temp\u00e9rature minimum: 150 F  Couleur: NOIR  Plaques flottantes: Oui  Temps de chauffe: 20 sec.  Taille du fer \u00e0 lisser: Normale  Cordon rotatif: Oui  Cordon d'attache: Oui  Mise en veille automatique: Oui","og_url":"https:\/\/macstylerdz.com\/produit\/fers-a-lisser-mc-5532\/","og_site_name":"MAC STYLER DZ","article_publisher":"https:\/\/www.facebook.com\/lisseur\/","article_modified_time":"2026-02-27T00:37:38+00:00","og_image":[{"width":750,"height":800,"url":"https:\/\/macstylerdz.com\/wp-content\/uploads\/2024\/06\/Hb2b430b8f4ee4b1e8099f7d8b34d7fddC.jpg","type":"image\/jpeg"}],"twitter_card":"summary_large_image","twitter_misc":{"Dur\u00e9e de lecture estim\u00e9e":"1 minute"},"schema":{"@context":"https:\/\/schema.org","@graph":[{"@type":"WebPage","@id":"https:\/\/macstylerdz.com\/produit\/fers-a-lisser-mc-5532\/","url":"https:\/\/macstylerdz.com\/produit\/fers-a-lisser-mc-5532\/","name":"Fer \u00e0 Lisser professionnel en Titane 480 F\u00b0- Ecran LCD - MAC STYLER DZ","isPartOf":{"@id":"https:\/\/macstylerdz.com\/#website"},"primaryImageOfPage":{"@id":"https:\/\/macstylerdz.com\/produit\/fers-a-lisser-mc-5532\/#primaryimage"},"image":{"@id":"https:\/\/macstylerdz.com\/produit\/fers-a-lisser-mc-5532\/#primaryimage"},"thumbnailUrl":"https:\/\/macstylerdz.com\/wp-content\/uploads\/2024\/06\/Hb2b430b8f4ee4b1e8099f7d8b34d7fddC.jpg","datePublished":"2024-06-24T23:32:26+00:00","dateModified":"2026-02-27T00:37:38+00:00","breadcrumb":{"@id":"https:\/\/macstylerdz.com\/produit\/fers-a-lisser-mc-5532\/#breadcrumb"},"inLanguage":"fr-FR","potentialAction":[{"@type":"ReadAction","target":["https:\/\/macstylerdz.com\/produit\/fers-a-lisser-mc-5532\/"]}]},{"@type":"ImageObject","inLanguage":"fr-FR","@id":"https:\/\/macstylerdz.com\/produit\/fers-a-lisser-mc-5532\/#primaryimage","url":"https:\/\/macstylerdz.com\/wp-content\/uploads\/2024\/06\/Hb2b430b8f4ee4b1e8099f7d8b34d7fddC.jpg","contentUrl":"https:\/\/macstylerdz.com\/wp-content\/uploads\/2024\/06\/Hb2b430b8f4ee4b1e8099f7d8b34d7fddC.jpg","width":750,"height":800},{"@type":"BreadcrumbList","@id":"https:\/\/macstylerdz.com\/produit\/fers-a-lisser-mc-5532\/#breadcrumb","itemListElement":[{"@type":"ListItem","position":1,"name":"Home","item":"https:\/\/macstylerdz.com\/"},{"@type":"ListItem","position":2,"name":"SHOP","item":"https:\/\/macstylerdz.com\/"},{"@type":"ListItem","position":3,"name":"Fer \u00e0 Lisser professionnel en Titane 480 F\u00b0- Ecran LCD"}]},{"@type":"WebSite","@id":"https:\/\/macstylerdz.com\/#website","url":"https:\/\/macstylerdz.com\/","name":"MAC STYLER DZ","description":"Achetez les appareils et les outils de coiffure de la marque Mac Styler sur le site officiel en Alg\u00e9rie.","publisher":{"@id":"https:\/\/macstylerdz.com\/#organization"},"alternateName":"macstyler","potentialAction":[{"@type":"SearchAction","target":{"@type":"EntryPoint","urlTemplate":"https:\/\/macstylerdz.com\/?s={search_term_string}"},"query-input":{"@type":"PropertyValueSpecification","valueRequired":true,"valueName":"search_term_string"}}],"inLanguage":"fr-FR"},{"@type":"Organization","@id":"https:\/\/macstylerdz.com\/#organization","name":"MAC STYLER DZ","alternateName":"MAC STYLER ALGERIE","url":"https:\/\/macstylerdz.com\/","logo":{"@type":"ImageObject","inLanguage":"fr-FR","@id":"https:\/\/macstylerdz.com\/#\/schema\/logo\/image\/","url":"https:\/\/macstylerdz.com\/wp-content\/uploads\/2024\/08\/MAC-STYLER-C.jpg","contentUrl":"https:\/\/macstylerdz.com\/wp-content\/uploads\/2024\/08\/MAC-STYLER-C.jpg","width":500,"height":500,"caption":"MAC STYLER DZ"},"image":{"@id":"https:\/\/macstylerdz.com\/#\/schema\/logo\/image\/"},"sameAs":["https:\/\/www.facebook.com\/lisseur\/","https:\/\/www.instagram.com\/dzmacshop\/","https:\/\/www.tiktok.com\/@mac..styler"]}]}},"_links":{"self":[{"href":"https:\/\/macstylerdz.com\/index.php?rest_route=\/wp\/v2\/product\/1181","targetHints":{"allow":["GET"]}}],"collection":[{"href":"https:\/\/macstylerdz.com\/index.php?rest_route=\/wp\/v2\/product"}],"about":[{"href":"https:\/\/macstylerdz.com\/index.php?rest_route=\/wp\/v2\/types\/product"}],"replies":[{"embeddable":true,"href":"https:\/\/macstylerdz.com\/index.php?rest_route=%2Fwp%2Fv2%2Fcomments&post=1181"}],"wp:featuredmedia":[{"embeddable":true,"href":"https:\/\/macstylerdz.com\/index.php?rest_route=\/wp\/v2\/media\/3561"}],"wp:attachment":[{"href":"https:\/\/macstylerdz.com\/index.php?rest_route=%2Fwp%2Fv2%2Fmedia&parent=1181"}],"wp:term":[{"taxonomy":"product_brand","embeddable":true,"href":"https:\/\/macstylerdz.com\/index.php?rest_route=%2Fwp%2Fv2%2Fproduct_brand&post=1181"},{"taxonomy":"product_cat","embeddable":true,"href":"https:\/\/macstylerdz.com\/index.php?rest_route=%2Fwp%2Fv2%2Fproduct_cat&post=1181"},{"taxonomy":"product_tag","embeddable":true,"href":"https:\/\/macstylerdz.com\/index.php?rest_route=%2Fwp%2Fv2%2Fproduct_tag&post=1181"}],"curies":[{"name":"wp","href":"https:\/\/api.w.org\/{rel}","templated":true}]}}