{"id":1159,"date":"2024-06-24T23:32:24","date_gmt":"2024-06-24T23:32:24","guid":{"rendered":"https:\/\/macstylerdz.com\/?post_type=product&#038;p=1159"},"modified":"2026-02-27T00:35:46","modified_gmt":"2026-02-27T00:35:46","slug":"fers-a-lisser-mc-2024","status":"publish","type":"product","link":"https:\/\/macstylerdz.com\/?product=fers-a-lisser-mc-2024","title":{"rendered":"Fer \u00e0 Lisser Professionnel avec \u00e9cran LED -Rouge"},"content":{"rendered":"<p>Lisseur Rouge Professionnel Ecran LED<\/p>\n<p>Tous les produits de cette ligne se caract\u00e9risent par la combinaison de quatre mat\u00e9riaux high-tech pour la protection des cheveux.<\/p>\n<p>Les plaques extra-longues assurent un lissage encore plus rapide. Le rev\u00eatement de tourmaline c\u00e9ramique de haute qualit\u00e9 permet un coiffage sans frisottis ainsi que des cheveux lisses et brillants.<\/p>\n<p>Le r\u00e9glage variable de la temp\u00e9rature permet de toujours garder un \u0153il sur la temp\u00e9rature et d&rsquo;adapter ainsi l&rsquo;effet de chaleur \u00e0 la structure du cheveu. Les cheveux color\u00e9s, d\u00e9color\u00e9s et fins doivent \u00eatre liss\u00e9s au niveau le plus bas. Une temp\u00e9rature moyenne est recommand\u00e9e pour les cheveux normaux. Les cheveux \u00e9pais et cr\u00e9pus, par contre, peuvent \u00eatre liss\u00e9s \u00e0 temp\u00e9rature maximale.<\/p>\n","protected":false},"excerpt":{"rendered":"<p>Mod\u00e8le : MC-2024<\/p>\n<ul>\n<li>Couleur: rouge.<\/li>\n<li>\u00c9cran LCD.<\/li>\n<li>Verrouillage automatique de la page.<\/li>\n<li>Le syst\u00e8me de chauffage est tr\u00e8s rapide.<\/li>\n<li>Convient pour la k\u00e9ratinisation et le traitement des cheveux.<\/li>\n<li>Nano rev\u00eatement.<\/li>\n<\/ul>\n","protected":false},"featured_media":3482,"comment_status":"open","ping_status":"closed","template":"","meta":[],"product_brand":[],"product_cat":[28],"product_tag":[326],"class_list":{"0":"post-1159","1":"product","2":"type-product","3":"status-publish","4":"has-post-thumbnail","6":"product_cat-lisseurs","7":"product_tag-mac-styler-lisseur-mc-2024","9":"first","10":"instock","11":"taxable","12":"shipping-taxable","13":"purchasable","14":"product-type-simple"},"yoast_head":"<!-- This site is optimized with the Yoast SEO plugin v27.5 - https:\/\/yoast.com\/product\/yoast-seo-wordpress\/ -->\n<title>Fer \u00e0 Lisser Professionnel avec \u00e9cran LED -Rouge - MAC STYLER DZ<\/title>\n<meta name=\"robots\" content=\"index, follow, max-snippet:-1, max-image-preview:large, max-video-preview:-1\" \/>\n<link rel=\"canonical\" href=\"https:\/\/macstylerdz.com\/?product=fers-a-lisser-mc-2024\" \/>\n<meta property=\"og:locale\" content=\"fr_FR\" \/>\n<meta property=\"og:type\" content=\"article\" \/>\n<meta property=\"og:title\" content=\"Fer \u00e0 Lisser Professionnel avec \u00e9cran LED -Rouge - MAC STYLER DZ\" \/>\n<meta property=\"og:description\" content=\"Mod\u00e8le : MC-2024   Couleur: rouge.  \u00c9cran LCD.  Verrouillage automatique de la page.  Le syst\u00e8me de chauffage est tr\u00e8s rapide.  Convient pour la k\u00e9ratinisation et le traitement des cheveux.  Nano rev\u00eatement.\" \/>\n<meta property=\"og:url\" content=\"https:\/\/macstylerdz.com\/?product=fers-a-lisser-mc-2024\" \/>\n<meta property=\"og:site_name\" content=\"MAC STYLER DZ\" \/>\n<meta property=\"article:publisher\" content=\"https:\/\/www.facebook.com\/lisseur\/\" \/>\n<meta property=\"article:modified_time\" content=\"2026-02-27T00:35:46+00:00\" \/>\n<meta property=\"og:image\" content=\"https:\/\/macstylerdz.com\/wp-content\/uploads\/2024\/06\/imgdownloader.com-20240713181203032018.webp\" \/>\n\t<meta property=\"og:image:width\" content=\"800\" \/>\n\t<meta property=\"og:image:height\" content=\"800\" \/>\n\t<meta property=\"og:image:type\" content=\"image\/webp\" \/>\n<meta name=\"twitter:card\" content=\"summary_large_image\" \/>\n<meta name=\"twitter:label1\" content=\"Dur\u00e9e de lecture estim\u00e9e\" \/>\n\t<meta name=\"twitter:data1\" content=\"1 minute\" \/>\n<script type=\"application\/ld+json\" class=\"yoast-schema-graph\">{\"@context\":\"https:\\\/\\\/schema.org\",\"@graph\":[{\"@type\":\"WebPage\",\"@id\":\"https:\\\/\\\/macstylerdz.com\\\/?product=fers-a-lisser-mc-2024\",\"url\":\"https:\\\/\\\/macstylerdz.com\\\/?product=fers-a-lisser-mc-2024\",\"name\":\"Fer \u00e0 Lisser Professionnel avec \u00e9cran LED -Rouge - MAC STYLER DZ\",\"isPartOf\":{\"@id\":\"https:\\\/\\\/macstylerdz.com\\\/#website\"},\"primaryImageOfPage\":{\"@id\":\"https:\\\/\\\/macstylerdz.com\\\/?product=fers-a-lisser-mc-2024#primaryimage\"},\"image\":{\"@id\":\"https:\\\/\\\/macstylerdz.com\\\/?product=fers-a-lisser-mc-2024#primaryimage\"},\"thumbnailUrl\":\"https:\\\/\\\/macstylerdz.com\\\/wp-content\\\/uploads\\\/2024\\\/06\\\/imgdownloader.com-20240713181203032018.webp\",\"datePublished\":\"2024-06-24T23:32:24+00:00\",\"dateModified\":\"2026-02-27T00:35:46+00:00\",\"breadcrumb\":{\"@id\":\"https:\\\/\\\/macstylerdz.com\\\/?product=fers-a-lisser-mc-2024#breadcrumb\"},\"inLanguage\":\"fr-FR\",\"potentialAction\":[{\"@type\":\"ReadAction\",\"target\":[\"https:\\\/\\\/macstylerdz.com\\\/?product=fers-a-lisser-mc-2024\"]}]},{\"@type\":\"ImageObject\",\"inLanguage\":\"fr-FR\",\"@id\":\"https:\\\/\\\/macstylerdz.com\\\/?product=fers-a-lisser-mc-2024#primaryimage\",\"url\":\"https:\\\/\\\/macstylerdz.com\\\/wp-content\\\/uploads\\\/2024\\\/06\\\/imgdownloader.com-20240713181203032018.webp\",\"contentUrl\":\"https:\\\/\\\/macstylerdz.com\\\/wp-content\\\/uploads\\\/2024\\\/06\\\/imgdownloader.com-20240713181203032018.webp\",\"width\":800,\"height\":800},{\"@type\":\"BreadcrumbList\",\"@id\":\"https:\\\/\\\/macstylerdz.com\\\/?product=fers-a-lisser-mc-2024#breadcrumb\",\"itemListElement\":[{\"@type\":\"ListItem\",\"position\":1,\"name\":\"Home\",\"item\":\"https:\\\/\\\/macstylerdz.com\\\/\"},{\"@type\":\"ListItem\",\"position\":2,\"name\":\"Products\",\"item\":\"https:\\\/\\\/macstylerdz.com\\\/products\\\/\"},{\"@type\":\"ListItem\",\"position\":3,\"name\":\"Fer \u00e0 Lisser Professionnel avec \u00e9cran LED -Rouge\"}]},{\"@type\":\"WebSite\",\"@id\":\"https:\\\/\\\/macstylerdz.com\\\/#website\",\"url\":\"https:\\\/\\\/macstylerdz.com\\\/\",\"name\":\"MAC STYLER DZ\",\"description\":\"Achetez les appareils et les outils de coiffure de la marque Mac Styler sur le site officiel en Alg\u00e9rie.\",\"publisher\":{\"@id\":\"https:\\\/\\\/macstylerdz.com\\\/#organization\"},\"alternateName\":\"macstyler\",\"potentialAction\":[{\"@type\":\"SearchAction\",\"target\":{\"@type\":\"EntryPoint\",\"urlTemplate\":\"https:\\\/\\\/macstylerdz.com\\\/?s={search_term_string}\"},\"query-input\":{\"@type\":\"PropertyValueSpecification\",\"valueRequired\":true,\"valueName\":\"search_term_string\"}}],\"inLanguage\":\"fr-FR\"},{\"@type\":\"Organization\",\"@id\":\"https:\\\/\\\/macstylerdz.com\\\/#organization\",\"name\":\"MAC STYLER DZ\",\"alternateName\":\"MAC STYLER ALGERIE\",\"url\":\"https:\\\/\\\/macstylerdz.com\\\/\",\"logo\":{\"@type\":\"ImageObject\",\"inLanguage\":\"fr-FR\",\"@id\":\"https:\\\/\\\/macstylerdz.com\\\/#\\\/schema\\\/logo\\\/image\\\/\",\"url\":\"https:\\\/\\\/macstylerdz.com\\\/wp-content\\\/uploads\\\/2024\\\/08\\\/MAC-STYLER-C.jpg\",\"contentUrl\":\"https:\\\/\\\/macstylerdz.com\\\/wp-content\\\/uploads\\\/2024\\\/08\\\/MAC-STYLER-C.jpg\",\"width\":500,\"height\":500,\"caption\":\"MAC STYLER DZ\"},\"image\":{\"@id\":\"https:\\\/\\\/macstylerdz.com\\\/#\\\/schema\\\/logo\\\/image\\\/\"},\"sameAs\":[\"https:\\\/\\\/www.facebook.com\\\/lisseur\\\/\",\"https:\\\/\\\/www.instagram.com\\\/dzmacshop\\\/\",\"https:\\\/\\\/www.tiktok.com\\\/@mac..styler\"]}]}<\/script>\n<!-- \/ Yoast SEO plugin. -->","yoast_head_json":{"title":"Fer \u00e0 Lisser Professionnel avec \u00e9cran LED -Rouge - MAC STYLER DZ","robots":{"index":"index","follow":"follow","max-snippet":"max-snippet:-1","max-image-preview":"max-image-preview:large","max-video-preview":"max-video-preview:-1"},"canonical":"https:\/\/macstylerdz.com\/?product=fers-a-lisser-mc-2024","og_locale":"fr_FR","og_type":"article","og_title":"Fer \u00e0 Lisser Professionnel avec \u00e9cran LED -Rouge - MAC STYLER DZ","og_description":"Mod\u00e8le : MC-2024   Couleur: rouge.  \u00c9cran LCD.  Verrouillage automatique de la page.  Le syst\u00e8me de chauffage est tr\u00e8s rapide.  Convient pour la k\u00e9ratinisation et le traitement des cheveux.  Nano rev\u00eatement.","og_url":"https:\/\/macstylerdz.com\/?product=fers-a-lisser-mc-2024","og_site_name":"MAC STYLER DZ","article_publisher":"https:\/\/www.facebook.com\/lisseur\/","article_modified_time":"2026-02-27T00:35:46+00:00","og_image":[{"width":800,"height":800,"url":"https:\/\/macstylerdz.com\/wp-content\/uploads\/2024\/06\/imgdownloader.com-20240713181203032018.webp","type":"image\/webp"}],"twitter_card":"summary_large_image","twitter_misc":{"Dur\u00e9e de lecture estim\u00e9e":"1 minute"},"schema":{"@context":"https:\/\/schema.org","@graph":[{"@type":"WebPage","@id":"https:\/\/macstylerdz.com\/?product=fers-a-lisser-mc-2024","url":"https:\/\/macstylerdz.com\/?product=fers-a-lisser-mc-2024","name":"Fer \u00e0 Lisser Professionnel avec \u00e9cran LED -Rouge - MAC STYLER DZ","isPartOf":{"@id":"https:\/\/macstylerdz.com\/#website"},"primaryImageOfPage":{"@id":"https:\/\/macstylerdz.com\/?product=fers-a-lisser-mc-2024#primaryimage"},"image":{"@id":"https:\/\/macstylerdz.com\/?product=fers-a-lisser-mc-2024#primaryimage"},"thumbnailUrl":"https:\/\/macstylerdz.com\/wp-content\/uploads\/2024\/06\/imgdownloader.com-20240713181203032018.webp","datePublished":"2024-06-24T23:32:24+00:00","dateModified":"2026-02-27T00:35:46+00:00","breadcrumb":{"@id":"https:\/\/macstylerdz.com\/?product=fers-a-lisser-mc-2024#breadcrumb"},"inLanguage":"fr-FR","potentialAction":[{"@type":"ReadAction","target":["https:\/\/macstylerdz.com\/?product=fers-a-lisser-mc-2024"]}]},{"@type":"ImageObject","inLanguage":"fr-FR","@id":"https:\/\/macstylerdz.com\/?product=fers-a-lisser-mc-2024#primaryimage","url":"https:\/\/macstylerdz.com\/wp-content\/uploads\/2024\/06\/imgdownloader.com-20240713181203032018.webp","contentUrl":"https:\/\/macstylerdz.com\/wp-content\/uploads\/2024\/06\/imgdownloader.com-20240713181203032018.webp","width":800,"height":800},{"@type":"BreadcrumbList","@id":"https:\/\/macstylerdz.com\/?product=fers-a-lisser-mc-2024#breadcrumb","itemListElement":[{"@type":"ListItem","position":1,"name":"Home","item":"https:\/\/macstylerdz.com\/"},{"@type":"ListItem","position":2,"name":"Products","item":"https:\/\/macstylerdz.com\/products\/"},{"@type":"ListItem","position":3,"name":"Fer \u00e0 Lisser Professionnel avec \u00e9cran LED -Rouge"}]},{"@type":"WebSite","@id":"https:\/\/macstylerdz.com\/#website","url":"https:\/\/macstylerdz.com\/","name":"MAC STYLER DZ","description":"Achetez les appareils et les outils de coiffure de la marque Mac Styler sur le site officiel en Alg\u00e9rie.","publisher":{"@id":"https:\/\/macstylerdz.com\/#organization"},"alternateName":"macstyler","potentialAction":[{"@type":"SearchAction","target":{"@type":"EntryPoint","urlTemplate":"https:\/\/macstylerdz.com\/?s={search_term_string}"},"query-input":{"@type":"PropertyValueSpecification","valueRequired":true,"valueName":"search_term_string"}}],"inLanguage":"fr-FR"},{"@type":"Organization","@id":"https:\/\/macstylerdz.com\/#organization","name":"MAC STYLER DZ","alternateName":"MAC STYLER ALGERIE","url":"https:\/\/macstylerdz.com\/","logo":{"@type":"ImageObject","inLanguage":"fr-FR","@id":"https:\/\/macstylerdz.com\/#\/schema\/logo\/image\/","url":"https:\/\/macstylerdz.com\/wp-content\/uploads\/2024\/08\/MAC-STYLER-C.jpg","contentUrl":"https:\/\/macstylerdz.com\/wp-content\/uploads\/2024\/08\/MAC-STYLER-C.jpg","width":500,"height":500,"caption":"MAC STYLER DZ"},"image":{"@id":"https:\/\/macstylerdz.com\/#\/schema\/logo\/image\/"},"sameAs":["https:\/\/www.facebook.com\/lisseur\/","https:\/\/www.instagram.com\/dzmacshop\/","https:\/\/www.tiktok.com\/@mac..styler"]}]}},"jetpack_sharing_enabled":true,"_links":{"self":[{"href":"https:\/\/macstylerdz.com\/index.php?rest_route=\/wp\/v2\/product\/1159","targetHints":{"allow":["GET"]}}],"collection":[{"href":"https:\/\/macstylerdz.com\/index.php?rest_route=\/wp\/v2\/product"}],"about":[{"href":"https:\/\/macstylerdz.com\/index.php?rest_route=\/wp\/v2\/types\/product"}],"replies":[{"embeddable":true,"href":"https:\/\/macstylerdz.com\/index.php?rest_route=%2Fwp%2Fv2%2Fcomments&post=1159"}],"wp:featuredmedia":[{"embeddable":true,"href":"https:\/\/macstylerdz.com\/index.php?rest_route=\/wp\/v2\/media\/3482"}],"wp:attachment":[{"href":"https:\/\/macstylerdz.com\/index.php?rest_route=%2Fwp%2Fv2%2Fmedia&parent=1159"}],"wp:term":[{"taxonomy":"product_brand","embeddable":true,"href":"https:\/\/macstylerdz.com\/index.php?rest_route=%2Fwp%2Fv2%2Fproduct_brand&post=1159"},{"taxonomy":"product_cat","embeddable":true,"href":"https:\/\/macstylerdz.com\/index.php?rest_route=%2Fwp%2Fv2%2Fproduct_cat&post=1159"},{"taxonomy":"product_tag","embeddable":true,"href":"https:\/\/macstylerdz.com\/index.php?rest_route=%2Fwp%2Fv2%2Fproduct_tag&post=1159"}],"curies":[{"name":"wp","href":"https:\/\/api.w.org\/{rel}","templated":true}]}}