{"id":3,"date":"2024-06-01T13:56:13","date_gmt":"2024-06-01T13:56:13","guid":{"rendered":"https:\/\/macstylerdz.com\/?page_id=3"},"modified":"2024-07-02T00:58:28","modified_gmt":"2024-07-02T00:58:28","slug":"privacy-policy","status":"publish","type":"page","link":"https:\/\/macstylerdz.com\/?page_id=3","title":{"rendered":"Privacy Policy"},"content":{"rendered":"\n<p><strong>Les donn\u00e9es que nous recueillons \u00e0 votre sujet ?<\/strong><\/p>\n\n\n\n<p>Par donn\u00e9es personnelles, on entend toute information qui peut \u00eatre utilis\u00e9e pour identifier directement ou indirectement un individu sp\u00e9cifique.<\/p>\n\n\n\n<p>Vous nous fournissez vos donn\u00e9es personnelles lorsque vous enregistrez vos donn\u00e9es personnelles sur notre site web et nos plateformes mobiles et que vous effectuez des transactions avec ces derniers.<\/p>\n\n\n\n<p>Les donn\u00e9es personnelles que nous collectons comprennent :<\/p>\n\n\n\n<p>Informations que vous nous fournissez : Nous recevons et stockons les informations que vous nous fournissez, notamment vos donn\u00e9es d&rsquo;identit\u00e9, vos donn\u00e9es de contact, votre adresse de livraison . Ces types de donn\u00e9es personnelles peuvent inclure :<\/p>\n\n\n\n<p>les coordonn\u00e9es (telles que votre nom, vos adresses postales, vos num\u00e9ros de t\u00e9l\u00e9phone et vos adresses \u00e9lectroniques),<\/p>\n\n\n\n<p>les informations relatives \u00e0 l&rsquo;inscription en ligne (telles que votre mot de passe et d&rsquo;autres informations d&rsquo;authentification),<\/p>\n\n\n\n<p>les informations de paiement (telles que les informations relatives \u00e0 votre carte de cr\u00e9dit et votre adresse de facturation),<\/p>\n\n\n\n<p>les informations fournies dans le cadre de questionnaires en ligne (comme les r\u00e9ponses \u00e0 des enqu\u00eates de satisfaction des clients ou \u00e0 des \u00e9tudes de march\u00e9),<\/p>\n\n\n\n<p>les entr\u00e9es\/participations aux concours, et<\/p>\n\n\n\n<p>Ces types de donn\u00e9es personnelles peuvent se rapporter \u00e0 votre appareil (tel que votre PC, votre tablette ou tout autre appareil mobile), \u00e0 votre utilisation de nos sites Web et de nos applications mobiles (ainsi que de certains sites Web tiers avec lesquels nous avons \u00e9tabli un partenariat), et\/ou \u00e0 vos pr\u00e9f\u00e9rences personnelles, vos int\u00e9r\u00eats ou votre situation g\u00e9ographique. Voici quelques exemples de ces types d&rsquo;informations :<\/p>\n\n\n\n<p>nom et \u00e2ge (ou fourchette d&rsquo;\u00e2ge pr\u00e9vue),<\/p>\n\n\n\n<p>des informations sur votre appareil, votre syst\u00e8me d&rsquo;exploitation, votre navigateur et votre adresse IP,<\/p>\n\n\n\n<p>les identifiants uniques associ\u00e9s \u00e0 votre appareil,<\/p>\n\n\n\n<p>les d\u00e9tails des pages web que vous avez visit\u00e9es,<\/p>\n\n\n\n<p>les produits que vous avez consult\u00e9s en ligne (y compris les informations sur les produits que vous avez recherch\u00e9s ou consult\u00e9s, achet\u00e9s ou ajout\u00e9s \u00e0 un panier d&rsquo;achat en ligne),<\/p>\n\n\n\n<p>le temps que vous passez sur certaines zones d&rsquo;un site web ou d&rsquo;une application, ainsi que la date et l&rsquo;heure de votre visite\/utilisation,<\/p>\n\n\n\n<p>Nous utilisons vos donn\u00e9es personnelles pour exploiter, fournir, d\u00e9velopper et am\u00e9liorer les produits et services que nous proposons, notamment les suivants :<\/p>\n\n\n\n<p>Vous enregistrer en tant que nouveau client.<\/p>\n\n\n\n<p>Traitement et livraison de vos commandes.<\/p>\n\n\n\n<p>G\u00e9rer votre relation avec nous.<\/p>\n\n\n\n<p>Vous permettre de participer \u00e0 des promotions, des concours et des enqu\u00eates.<\/p>\n\n\n\n<p>Am\u00e9liorer notre site web, nos applications, nos produits et nos services.<\/p>\n\n\n\n<p>Recommander\/promouvoir des produits ou services susceptibles de vous int\u00e9resser.<\/p>\n\n\n\n<p>Vous permettre d&rsquo;acc\u00e9der \u00e0 certains produits et services propos\u00e9s par nos partenaires et vendeurs.<\/p>\n\n\n\n<p>Se conformer \u00e0 nos obligations l\u00e9gales, notamment en v\u00e9rifiant votre identit\u00e9 si n\u00e9cessaire.<\/p>\n","protected":false},"excerpt":{"rendered":"<p>Les donn\u00e9es que nous recueillons \u00e0 votre sujet ? Par donn\u00e9es personnelles, on entend toute information qui peut \u00eatre utilis\u00e9e pour identifier directement ou indirectement un individu sp\u00e9cifique. Vous nous fournissez vos donn\u00e9es personnelles lorsque vous enregistrez vos donn\u00e9es personnelles sur notre site web et nos plateformes mobiles et que vous effectuez des transactions avec [&hellip;]<\/p>\n","protected":false},"author":1,"featured_media":0,"parent":0,"menu_order":0,"comment_status":"closed","ping_status":"open","template":"","meta":{"footnotes":""},"class_list":["post-3","page","type-page","status-publish","hentry"],"blocksy_meta":[],"yoast_head":"<!-- This site is optimized with the Yoast SEO plugin v27.5 - https:\/\/yoast.com\/product\/yoast-seo-wordpress\/ -->\n<title>Privacy Policy - MAC STYLER DZ<\/title>\n<meta name=\"robots\" content=\"index, follow, max-snippet:-1, max-image-preview:large, max-video-preview:-1\" \/>\n<link rel=\"canonical\" href=\"https:\/\/macstylerdz.com\/?page_id=3\" \/>\n<meta property=\"og:locale\" content=\"fr_FR\" \/>\n<meta property=\"og:type\" content=\"article\" \/>\n<meta property=\"og:title\" content=\"Privacy Policy - MAC STYLER DZ\" \/>\n<meta property=\"og:description\" content=\"Les donn\u00e9es que nous recueillons \u00e0 votre sujet ? Par donn\u00e9es personnelles, on entend toute information qui peut \u00eatre utilis\u00e9e pour identifier directement ou indirectement un individu sp\u00e9cifique. Vous nous fournissez vos donn\u00e9es personnelles lorsque vous enregistrez vos donn\u00e9es personnelles sur notre site web et nos plateformes mobiles et que vous effectuez des transactions avec [&hellip;]\" \/>\n<meta property=\"og:url\" content=\"https:\/\/macstylerdz.com\/?page_id=3\" \/>\n<meta property=\"og:site_name\" content=\"MAC STYLER DZ\" \/>\n<meta property=\"article:publisher\" content=\"https:\/\/www.facebook.com\/lisseur\/\" \/>\n<meta property=\"article:modified_time\" content=\"2024-07-02T00:58:28+00:00\" \/>\n<meta property=\"og:image\" content=\"https:\/\/macstylerdz.com\/wp-content\/uploads\/2024\/08\/Untitled-design-17.png\" \/>\n\t<meta property=\"og:image:width\" content=\"1200\" \/>\n\t<meta property=\"og:image:height\" content=\"675\" \/>\n\t<meta property=\"og:image:type\" content=\"image\/png\" \/>\n<meta name=\"twitter:card\" content=\"summary_large_image\" \/>\n<meta name=\"twitter:label1\" content=\"Dur\u00e9e de lecture estim\u00e9e\" \/>\n\t<meta name=\"twitter:data1\" content=\"2 minutes\" \/>\n<script type=\"application\/ld+json\" class=\"yoast-schema-graph\">{\"@context\":\"https:\\\/\\\/schema.org\",\"@graph\":[{\"@type\":\"WebPage\",\"@id\":\"https:\\\/\\\/macstylerdz.com\\\/?page_id=3\",\"url\":\"https:\\\/\\\/macstylerdz.com\\\/?page_id=3\",\"name\":\"Privacy Policy - MAC STYLER DZ\",\"isPartOf\":{\"@id\":\"https:\\\/\\\/macstylerdz.com\\\/#website\"},\"datePublished\":\"2024-06-01T13:56:13+00:00\",\"dateModified\":\"2024-07-02T00:58:28+00:00\",\"breadcrumb\":{\"@id\":\"https:\\\/\\\/macstylerdz.com\\\/?page_id=3#breadcrumb\"},\"inLanguage\":\"fr-FR\",\"potentialAction\":[{\"@type\":\"ReadAction\",\"target\":[\"https:\\\/\\\/macstylerdz.com\\\/?page_id=3\"]}]},{\"@type\":\"BreadcrumbList\",\"@id\":\"https:\\\/\\\/macstylerdz.com\\\/?page_id=3#breadcrumb\",\"itemListElement\":[{\"@type\":\"ListItem\",\"position\":1,\"name\":\"Home\",\"item\":\"https:\\\/\\\/macstylerdz.com\\\/\"},{\"@type\":\"ListItem\",\"position\":2,\"name\":\"Privacy Policy\"}]},{\"@type\":\"WebSite\",\"@id\":\"https:\\\/\\\/macstylerdz.com\\\/#website\",\"url\":\"https:\\\/\\\/macstylerdz.com\\\/\",\"name\":\"MAC STYLER DZ\",\"description\":\"Achetez les appareils et les outils de coiffure de la marque Mac Styler sur le site officiel en Alg\u00e9rie.\",\"publisher\":{\"@id\":\"https:\\\/\\\/macstylerdz.com\\\/#organization\"},\"alternateName\":\"macstyler\",\"potentialAction\":[{\"@type\":\"SearchAction\",\"target\":{\"@type\":\"EntryPoint\",\"urlTemplate\":\"https:\\\/\\\/macstylerdz.com\\\/?s={search_term_string}\"},\"query-input\":{\"@type\":\"PropertyValueSpecification\",\"valueRequired\":true,\"valueName\":\"search_term_string\"}}],\"inLanguage\":\"fr-FR\"},{\"@type\":\"Organization\",\"@id\":\"https:\\\/\\\/macstylerdz.com\\\/#organization\",\"name\":\"MAC STYLER DZ\",\"alternateName\":\"MAC STYLER ALGERIE\",\"url\":\"https:\\\/\\\/macstylerdz.com\\\/\",\"logo\":{\"@type\":\"ImageObject\",\"inLanguage\":\"fr-FR\",\"@id\":\"https:\\\/\\\/macstylerdz.com\\\/#\\\/schema\\\/logo\\\/image\\\/\",\"url\":\"https:\\\/\\\/macstylerdz.com\\\/wp-content\\\/uploads\\\/2024\\\/08\\\/MAC-STYLER-C.jpg\",\"contentUrl\":\"https:\\\/\\\/macstylerdz.com\\\/wp-content\\\/uploads\\\/2024\\\/08\\\/MAC-STYLER-C.jpg\",\"width\":500,\"height\":500,\"caption\":\"MAC STYLER DZ\"},\"image\":{\"@id\":\"https:\\\/\\\/macstylerdz.com\\\/#\\\/schema\\\/logo\\\/image\\\/\"},\"sameAs\":[\"https:\\\/\\\/www.facebook.com\\\/lisseur\\\/\",\"https:\\\/\\\/www.instagram.com\\\/dzmacshop\\\/\",\"https:\\\/\\\/www.tiktok.com\\\/@mac..styler\"]}]}<\/script>\n<!-- \/ Yoast SEO plugin. -->","yoast_head_json":{"title":"Privacy Policy - MAC STYLER DZ","robots":{"index":"index","follow":"follow","max-snippet":"max-snippet:-1","max-image-preview":"max-image-preview:large","max-video-preview":"max-video-preview:-1"},"canonical":"https:\/\/macstylerdz.com\/?page_id=3","og_locale":"fr_FR","og_type":"article","og_title":"Privacy Policy - MAC STYLER DZ","og_description":"Les donn\u00e9es que nous recueillons \u00e0 votre sujet ? Par donn\u00e9es personnelles, on entend toute information qui peut \u00eatre utilis\u00e9e pour identifier directement ou indirectement un individu sp\u00e9cifique. Vous nous fournissez vos donn\u00e9es personnelles lorsque vous enregistrez vos donn\u00e9es personnelles sur notre site web et nos plateformes mobiles et que vous effectuez des transactions avec [&hellip;]","og_url":"https:\/\/macstylerdz.com\/?page_id=3","og_site_name":"MAC STYLER DZ","article_publisher":"https:\/\/www.facebook.com\/lisseur\/","article_modified_time":"2024-07-02T00:58:28+00:00","og_image":[{"width":1200,"height":675,"url":"https:\/\/macstylerdz.com\/wp-content\/uploads\/2024\/08\/Untitled-design-17.png","type":"image\/png"}],"twitter_card":"summary_large_image","twitter_misc":{"Dur\u00e9e de lecture estim\u00e9e":"2 minutes"},"schema":{"@context":"https:\/\/schema.org","@graph":[{"@type":"WebPage","@id":"https:\/\/macstylerdz.com\/?page_id=3","url":"https:\/\/macstylerdz.com\/?page_id=3","name":"Privacy Policy - MAC STYLER DZ","isPartOf":{"@id":"https:\/\/macstylerdz.com\/#website"},"datePublished":"2024-06-01T13:56:13+00:00","dateModified":"2024-07-02T00:58:28+00:00","breadcrumb":{"@id":"https:\/\/macstylerdz.com\/?page_id=3#breadcrumb"},"inLanguage":"fr-FR","potentialAction":[{"@type":"ReadAction","target":["https:\/\/macstylerdz.com\/?page_id=3"]}]},{"@type":"BreadcrumbList","@id":"https:\/\/macstylerdz.com\/?page_id=3#breadcrumb","itemListElement":[{"@type":"ListItem","position":1,"name":"Home","item":"https:\/\/macstylerdz.com\/"},{"@type":"ListItem","position":2,"name":"Privacy Policy"}]},{"@type":"WebSite","@id":"https:\/\/macstylerdz.com\/#website","url":"https:\/\/macstylerdz.com\/","name":"MAC STYLER DZ","description":"Achetez les appareils et les outils de coiffure de la marque Mac Styler sur le site officiel en Alg\u00e9rie.","publisher":{"@id":"https:\/\/macstylerdz.com\/#organization"},"alternateName":"macstyler","potentialAction":[{"@type":"SearchAction","target":{"@type":"EntryPoint","urlTemplate":"https:\/\/macstylerdz.com\/?s={search_term_string}"},"query-input":{"@type":"PropertyValueSpecification","valueRequired":true,"valueName":"search_term_string"}}],"inLanguage":"fr-FR"},{"@type":"Organization","@id":"https:\/\/macstylerdz.com\/#organization","name":"MAC STYLER DZ","alternateName":"MAC STYLER ALGERIE","url":"https:\/\/macstylerdz.com\/","logo":{"@type":"ImageObject","inLanguage":"fr-FR","@id":"https:\/\/macstylerdz.com\/#\/schema\/logo\/image\/","url":"https:\/\/macstylerdz.com\/wp-content\/uploads\/2024\/08\/MAC-STYLER-C.jpg","contentUrl":"https:\/\/macstylerdz.com\/wp-content\/uploads\/2024\/08\/MAC-STYLER-C.jpg","width":500,"height":500,"caption":"MAC STYLER DZ"},"image":{"@id":"https:\/\/macstylerdz.com\/#\/schema\/logo\/image\/"},"sameAs":["https:\/\/www.facebook.com\/lisseur\/","https:\/\/www.instagram.com\/dzmacshop\/","https:\/\/www.tiktok.com\/@mac..styler"]}]}},"_links":{"self":[{"href":"https:\/\/macstylerdz.com\/index.php?rest_route=\/wp\/v2\/pages\/3","targetHints":{"allow":["GET"]}}],"collection":[{"href":"https:\/\/macstylerdz.com\/index.php?rest_route=\/wp\/v2\/pages"}],"about":[{"href":"https:\/\/macstylerdz.com\/index.php?rest_route=\/wp\/v2\/types\/page"}],"author":[{"embeddable":true,"href":"https:\/\/macstylerdz.com\/index.php?rest_route=\/wp\/v2\/users\/1"}],"replies":[{"embeddable":true,"href":"https:\/\/macstylerdz.com\/index.php?rest_route=%2Fwp%2Fv2%2Fcomments&post=3"}],"version-history":[{"count":0,"href":"https:\/\/macstylerdz.com\/index.php?rest_route=\/wp\/v2\/pages\/3\/revisions"}],"wp:attachment":[{"href":"https:\/\/macstylerdz.com\/index.php?rest_route=%2Fwp%2Fv2%2Fmedia&parent=3"}],"curies":[{"name":"wp","href":"https:\/\/api.w.org\/{rel}","templated":true}]}}